{"id":997,"date":"2020-11-13T11:51:28","date_gmt":"2020-11-13T10:51:28","guid":{"rendered":"http:\/\/vrtic-smjesko.hr\/?page_id=997"},"modified":"2020-11-13T13:26:35","modified_gmt":"2020-11-13T12:26:35","slug":"predskolci","status":"publish","type":"page","link":"https:\/\/vrtic-smjesko.hr\/index.php\/predskolci\/","title":{"rendered":"Pred\u0161kolci"},"content":{"rendered":"\n<div class=\"wp-block-file\"><a href=\"http:\/\/vrtic-smjesko.hr\/wp-content\/uploads\/2020\/11\/\u0160TO-JE-KORISNO-NAU\u010cITI-DIJETE-PRIJE-\u0160KOLE-2.pdf\">\u0160TO-JE-KORISNO-NAU\u010cITI-DIJETE-PRIJE-\u0160KOLE-2<\/a><a href=\"http:\/\/vrtic-smjesko.hr\/wp-content\/uploads\/2020\/11\/\u0160TO-JE-KORISNO-NAU\u010cITI-DIJETE-PRIJE-\u0160KOLE-2.pdf\" class=\"wp-block-file__button\" download>Preuzmi<\/a><\/div>\n\n\n\n<div class=\"wp-block-file\"><a href=\"http:\/\/vrtic-smjesko.hr\/wp-content\/uploads\/2020\/11\/PREDMATEMATI\u010cKE-VJE\u0160TINE.pdf\">PREDMATEMATI\u010cKE-VJE\u0160TINE<\/a><a href=\"http:\/\/vrtic-smjesko.hr\/wp-content\/uploads\/2020\/11\/PREDMATEMATI\u010cKE-VJE\u0160TINE.pdf\" class=\"wp-block-file__button\" download>Preuzmi<\/a><\/div>\n\n\n\n<div class=\"wp-block-file\"><a href=\"http:\/\/vrtic-smjesko.hr\/wp-content\/uploads\/2020\/11\/IGRE-I-AKTIVNOSTI-ZA-POTICANJE-PA\u017dNJE-DJECE-PRED\u0160KOLSKE-DOBI.pdf\">IGRE-I-AKTIVNOSTI-ZA-POTICANJE-PA\u017dNJE-DJECE-PRED\u0160KOLSKE-DOBI<\/a><a href=\"http:\/\/vrtic-smjesko.hr\/wp-content\/uploads\/2020\/11\/IGRE-I-AKTIVNOSTI-ZA-POTICANJE-PA\u017dNJE-DJECE-PRED\u0160KOLSKE-DOBI.pdf\" class=\"wp-block-file__button\" download>Preuzmi<\/a><\/div>\n\n\n\n<div class=\"wp-block-file\"><a href=\"http:\/\/vrtic-smjesko.hr\/wp-content\/uploads\/2020\/11\/PRED\u010cITALA\u010cKE-VJE\u0160TINE.pdf\">PRED\u010cITALA\u010cKE-VJE\u0160TINE<\/a><a href=\"http:\/\/vrtic-smjesko.hr\/wp-content\/uploads\/2020\/11\/PRED\u010cITALA\u010cKE-VJE\u0160TINE.pdf\" class=\"wp-block-file__button\" download>Preuzmi<\/a><\/div>\n\n\n\n<div class=\"wp-block-file\"><a href=\"http:\/\/vrtic-smjesko.hr\/wp-content\/uploads\/2020\/11\/MALI-SAVJETI-ZA-POTICANJE-ODGOVORNOSTI-I-SAMOSTALNOSTI-U-DJETETA.pdf\">MALI-SAVJETI-ZA-POTICANJE-ODGOVORNOSTI-I-SAMOSTALNOSTI-U-DJETETA<\/a><a href=\"http:\/\/vrtic-smjesko.hr\/wp-content\/uploads\/2020\/11\/MALI-SAVJETI-ZA-POTICANJE-ODGOVORNOSTI-I-SAMOSTALNOSTI-U-DJETETA.pdf\" class=\"wp-block-file__button\" download>Preuzmi<\/a><\/div>\n\n\n\n<div class=\"wp-block-file\"><a href=\"http:\/\/vrtic-smjesko.hr\/wp-content\/uploads\/2020\/11\/ONLINE-RADNI-LISTI\u0106I-I-MATERIJALI-ZA-RAD.pdf\">ONLINE-RADNI-LISTI\u0106I-I-MATERIJALI-ZA-RAD<\/a><a href=\"http:\/\/vrtic-smjesko.hr\/wp-content\/uploads\/2020\/11\/ONLINE-RADNI-LISTI\u0106I-I-MATERIJALI-ZA-RAD.pdf\" class=\"wp-block-file__button\" download>Preuzmi<\/a><\/div>\n\n\n\n<div class=\"wp-block-file\"><a href=\"http:\/\/vrtic-smjesko.hr\/wp-content\/uploads\/2020\/11\/SPREMNOST-ZA-\u0160KOLU.pdf\">SPREMNOST-ZA-\u0160KOLU &#8211; LETAK<\/a><a href=\"http:\/\/vrtic-smjesko.hr\/wp-content\/uploads\/2020\/11\/SPREMNOST-ZA-\u0160KOLU.pdf\" class=\"wp-block-file__button\" download>Preuzmi<\/a><\/div>\n","protected":false},"excerpt":{"rendered":"","protected":false},"author":1,"featured_media":0,"parent":0,"menu_order":0,"comment_status":"closed","ping_status":"closed","template":"","meta":{"ub_ctt_via":""},"featured_image_src":null,"_links":{"self":[{"href":"https:\/\/vrtic-smjesko.hr\/index.php\/wp-json\/wp\/v2\/pages\/997"}],"collection":[{"href":"https:\/\/vrtic-smjesko.hr\/index.php\/wp-json\/wp\/v2\/pages"}],"about":[{"href":"https:\/\/vrtic-smjesko.hr\/index.php\/wp-json\/wp\/v2\/types\/page"}],"author":[{"embeddable":true,"href":"https:\/\/vrtic-smjesko.hr\/index.php\/wp-json\/wp\/v2\/users\/1"}],"replies":[{"embeddable":true,"href":"https:\/\/vrtic-smjesko.hr\/index.php\/wp-json\/wp\/v2\/comments?post=997"}],"version-history":[{"count":6,"href":"https:\/\/vrtic-smjesko.hr\/index.php\/wp-json\/wp\/v2\/pages\/997\/revisions"}],"predecessor-version":[{"id":1015,"href":"https:\/\/vrtic-smjesko.hr\/index.php\/wp-json\/wp\/v2\/pages\/997\/revisions\/1015"}],"wp:attachment":[{"href":"https:\/\/vrtic-smjesko.hr\/index.php\/wp-json\/wp\/v2\/media?parent=997"}],"curies":[{"name":"wp","href":"https:\/\/api.w.org\/{rel}","templated":true}]}}