{"id":971,"date":"2026-04-07T11:00:00","date_gmt":"2026-04-07T09:00:00","guid":{"rendered":"http:\/\/vrtic-smjesko.hr\/?page_id=971"},"modified":"2026-04-10T12:35:15","modified_gmt":"2026-04-10T10:35:15","slug":"upravno-vijece","status":"publish","type":"page","link":"https:\/\/vrtic-smjesko.hr\/index.php\/upravno-vijece\/","title":{"rendered":"Upravno vije\u0107e"},"content":{"rendered":"\n<p><strong>\u010cLANOVI UPRAVNOG VIJE\u0106A DJE\u010cJEG VRTI\u0106A &#8220;SMJE\u0160KO&#8221; VIR<\/strong><\/p>\n\n\n\n<p>Antonio Vu\u010deti\u0107, predsjednik Upravnog vije\u0107a<\/p>\n\n\n\n<p>Sr\u0111an Liveri\u0107, zamjenik predsjednika Upravnog vije\u0107a<\/p>\n\n\n\n<p>Mate Kapovi\u0107, \u010dlan iz reda Osniva\u010da<\/p>\n\n\n\n<p>Ivana Ba\u0161i\u0107, predstavnik Odgojiteljskog vije\u0107a <\/p>\n\n\n\n<p>Tomislav \u010cepi\u0107, predstavnik roditelja djece korisnika<\/p>\n\n\n\n<div class=\"wp-block-file\"><a id=\"wp-block-file--media-4629fb63-a4cd-4ee7-8c2b-9058496471b6\" href=\"http:\/\/vrtic-smjesko.hr\/wp-content\/uploads\/2022\/02\/ilovepdf_merged.pdf\">Poslovnik o radu Upravnog vije\u0107a<\/a><a href=\"http:\/\/vrtic-smjesko.hr\/wp-content\/uploads\/2022\/02\/ilovepdf_merged.pdf\" class=\"wp-block-file__button\" download aria-describedby=\"wp-block-file--media-4629fb63-a4cd-4ee7-8c2b-9058496471b6\">Preuzmi<\/a><\/div>\n\n\n\n<div class=\"wp-block-file\"><a id=\"wp-block-file--media-45b211bc-86b7-487c-8e54-6c26f09de492\" href=\"https:\/\/vrtic-smjesko.hr\/wp-content\/uploads\/2022\/03\/Odluke-o-imenovanju-Upravnog-vijeca-DV-Smjesko-3.pdf\">Odluke o imenovanju \u010dlanova Upravnog vije\u0107a DV Smje\u0161ko<\/a><a href=\"https:\/\/vrtic-smjesko.hr\/wp-content\/uploads\/2022\/03\/Odluke-o-imenovanju-Upravnog-vijeca-DV-Smjesko-3.pdf\" class=\"wp-block-file__button\" download aria-describedby=\"wp-block-file--media-45b211bc-86b7-487c-8e54-6c26f09de492\">Preuzmi<\/a><\/div>\n\n\n\n<p>ZAPISNICI<\/p>\n\n\n\n<div class=\"wp-block-file\"><a id=\"wp-block-file--media-989a2ee7-ce3b-4bcd-b939-c584e10d97c6\" href=\"https:\/\/vrtic-smjesko.hr\/wp-content\/uploads\/2026\/04\/Zapisnik-sa-5.-sjednice001.pdf\">zapisnik sa 5. sjednice<\/a><a href=\"https:\/\/vrtic-smjesko.hr\/wp-content\/uploads\/2026\/04\/Zapisnik-sa-5.-sjednice001.pdf\" class=\"wp-block-file__button\" download aria-describedby=\"wp-block-file--media-989a2ee7-ce3b-4bcd-b939-c584e10d97c6\">Preuzmi<\/a><\/div>\n\n\n\n<div class=\"wp-block-file\"><a id=\"wp-block-file--media-7b880245-ce58-446d-b82e-e7042bdf11e6\" href=\"https:\/\/vrtic-smjesko.hr\/wp-content\/uploads\/2026\/04\/zapisnik-4.jednica001-1.pdf\">zapisnik sa 4. sjednice<\/a><a href=\"https:\/\/vrtic-smjesko.hr\/wp-content\/uploads\/2026\/04\/zapisnik-4.jednica001-1.pdf\" class=\"wp-block-file__button\" download aria-describedby=\"wp-block-file--media-7b880245-ce58-446d-b82e-e7042bdf11e6\">Preuzmi<\/a><\/div>\n\n\n\n<div class=\"wp-block-file\"><a id=\"wp-block-file--media-3a4e45db-4c4f-4fbd-a15c-62efd48369ca\" href=\"https:\/\/vrtic-smjesko.hr\/wp-content\/uploads\/2026\/02\/zapisnik-sa-3.-sjednice-potpisan001.pdf\">zapisnik sa 3. sjednice<\/a><a href=\"https:\/\/vrtic-smjesko.hr\/wp-content\/uploads\/2026\/02\/zapisnik-sa-3.-sjednice-potpisan001.pdf\" class=\"wp-block-file__button\" download aria-describedby=\"wp-block-file--media-3a4e45db-4c4f-4fbd-a15c-62efd48369ca\">Preuzmi<\/a><\/div>\n\n\n\n<div class=\"wp-block-file\"><a id=\"wp-block-file--media-5028b78b-bef4-4e5c-a433-9dfd489f8a28\" href=\"https:\/\/vrtic-smjesko.hr\/wp-content\/uploads\/2026\/01\/zapisnik-sa-2-sjednice-UV001.pdf\">zapisnik sa 2. sjednice<\/a><a href=\"https:\/\/vrtic-smjesko.hr\/wp-content\/uploads\/2026\/01\/zapisnik-sa-2-sjednice-UV001.pdf\" class=\"wp-block-file__button\" download aria-describedby=\"wp-block-file--media-5028b78b-bef4-4e5c-a433-9dfd489f8a28\">Preuzmi<\/a><\/div>\n\n\n\n<div class=\"wp-block-file\"><a id=\"wp-block-file--media-ae03c963-9c4f-4aa6-89e7-98041ca41373\" href=\"https:\/\/vrtic-smjesko.hr\/wp-content\/uploads\/2025\/11\/zapisnik-sa-1.-sjednice2025001-1.pdf\">zapisnik sa 1. sjednice<\/a><a href=\"https:\/\/vrtic-smjesko.hr\/wp-content\/uploads\/2025\/11\/zapisnik-sa-1.-sjednice2025001-1.pdf\" class=\"wp-block-file__button\" download aria-describedby=\"wp-block-file--media-ae03c963-9c4f-4aa6-89e7-98041ca41373\">Preuzmi<\/a><\/div>\n\n\n\n<div class=\"wp-block-file\"><a id=\"wp-block-file--media-9dd8e10b-f0cc-4390-ad20-6eee069ec09b\" href=\"https:\/\/vrtic-smjesko.hr\/wp-content\/uploads\/2025\/10\/Zapisnik-sa-6.-sjednice-Upravnog-vijeca001.pdf\">zapisnik sa 6. sjednice<\/a><a href=\"https:\/\/vrtic-smjesko.hr\/wp-content\/uploads\/2025\/10\/Zapisnik-sa-6.-sjednice-Upravnog-vijeca001.pdf\" class=\"wp-block-file__button\" download aria-describedby=\"wp-block-file--media-9dd8e10b-f0cc-4390-ad20-6eee069ec09b\">Preuzmi<\/a><\/div>\n\n\n\n<div class=\"wp-block-file\"><a id=\"wp-block-file--media-e76dae2d-8468-4d30-a56c-79e1a1eec515\" href=\"https:\/\/vrtic-smjesko.hr\/wp-content\/uploads\/2025\/06\/Zapisnik-sa-5-sjednice-UV001.pdf\">zapisnik sa 5. sjednice<\/a><a href=\"https:\/\/vrtic-smjesko.hr\/wp-content\/uploads\/2025\/06\/Zapisnik-sa-5-sjednice-UV001.pdf\" class=\"wp-block-file__button\" download aria-describedby=\"wp-block-file--media-e76dae2d-8468-4d30-a56c-79e1a1eec515\">Preuzmi<\/a><\/div>\n\n\n\n<div class=\"wp-block-file\"><a id=\"wp-block-file--media-a8ec9178-f61b-4192-b6ff-c296fb3fe22f\" href=\"https:\/\/vrtic-smjesko.hr\/wp-content\/uploads\/2025\/04\/Zapisnik-sa-5.-sjednice-Upravnog-vijecaI001.pdf\">zapisnik sa 4. sjednice<\/a><a href=\"https:\/\/vrtic-smjesko.hr\/wp-content\/uploads\/2025\/04\/Zapisnik-sa-5.-sjednice-Upravnog-vijecaI001.pdf\" class=\"wp-block-file__button\" download aria-describedby=\"wp-block-file--media-a8ec9178-f61b-4192-b6ff-c296fb3fe22f\">Preuzmi<\/a><\/div>\n\n\n\n<div class=\"wp-block-file\"><a id=\"wp-block-file--media-c58153d9-5573-4144-9d0d-8024862a3bfa\" href=\"https:\/\/vrtic-smjesko.hr\/wp-content\/uploads\/2025\/04\/Zapisnik-3.sjednice-Upravnog-vijeca001-1.pdf\">zapisnik sa 3. sjednice<\/a><a href=\"https:\/\/vrtic-smjesko.hr\/wp-content\/uploads\/2025\/04\/Zapisnik-3.sjednice-Upravnog-vijeca001-1.pdf\" class=\"wp-block-file__button\" download aria-describedby=\"wp-block-file--media-c58153d9-5573-4144-9d0d-8024862a3bfa\">Preuzmi<\/a><\/div>\n\n\n\n<div class=\"wp-block-file\"><a id=\"wp-block-file--media-9f943433-eb44-467e-bbe6-018964033989\" href=\"https:\/\/vrtic-smjesko.hr\/wp-content\/uploads\/2025\/03\/Zapisnik-sa-2-sjednice.pdf\">zapisnik sa 2. sjednice<\/a><a href=\"https:\/\/vrtic-smjesko.hr\/wp-content\/uploads\/2025\/03\/Zapisnik-sa-2-sjednice.pdf\" class=\"wp-block-file__button\" download aria-describedby=\"wp-block-file--media-9f943433-eb44-467e-bbe6-018964033989\">Preuzmi<\/a><\/div>\n\n\n\n<div class=\"wp-block-file\"><a id=\"wp-block-file--media-b8f25503-4412-4fb0-8558-ea08f1055836\" href=\"https:\/\/vrtic-smjesko.hr\/wp-content\/uploads\/2024\/10\/Zapisnik-sa-1.-sjednice-Upravnog-vijeca002.pdf\">zapisnik sa 1. sjednice<\/a><a href=\"https:\/\/vrtic-smjesko.hr\/wp-content\/uploads\/2024\/10\/Zapisnik-sa-1.-sjednice-Upravnog-vijeca002.pdf\" class=\"wp-block-file__button\" download aria-describedby=\"wp-block-file--media-b8f25503-4412-4fb0-8558-ea08f1055836\">Preuzmi<\/a><\/div>\n\n\n\n<div class=\"wp-block-file\"><a id=\"wp-block-file--media-b6e9eb0d-76f7-4c5e-b24c-2f6d1f180f60\" href=\"https:\/\/vrtic-smjesko.hr\/wp-content\/uploads\/2024\/09\/Zapisnik-sa-1.-sjednice-Upravnog-vijeca001.pdf\">zapisnik sa 14. sjednice<\/a><a href=\"https:\/\/vrtic-smjesko.hr\/wp-content\/uploads\/2024\/09\/Zapisnik-sa-1.-sjednice-Upravnog-vijeca001.pdf\" class=\"wp-block-file__button\" download aria-describedby=\"wp-block-file--media-b6e9eb0d-76f7-4c5e-b24c-2f6d1f180f60\">Preuzmi<\/a><\/div>\n\n\n\n<div class=\"wp-block-file\"><a id=\"wp-block-file--media-c63d72c4-58ed-4c58-a7e7-3c05412e6b64\" href=\"https:\/\/vrtic-smjesko.hr\/wp-content\/uploads\/2024\/08\/zapisnik-sa-13.-sjednice001.pdf\">zapisnik sa 13. sjednice<\/a><a href=\"https:\/\/vrtic-smjesko.hr\/wp-content\/uploads\/2024\/08\/zapisnik-sa-13.-sjednice001.pdf\" class=\"wp-block-file__button\" download aria-describedby=\"wp-block-file--media-c63d72c4-58ed-4c58-a7e7-3c05412e6b64\">Preuzmi<\/a><\/div>\n\n\n\n<div class=\"wp-block-file\"><a id=\"wp-block-file--media-6b60cedc-2d7a-4974-ba28-776d786b6603\" href=\"https:\/\/vrtic-smjesko.hr\/wp-content\/uploads\/2024\/08\/zapisnik-sa-12-sjednice-upravnog-vijeca.pdf\">zapisnik sa 12. sjednice<\/a><a href=\"https:\/\/vrtic-smjesko.hr\/wp-content\/uploads\/2024\/08\/zapisnik-sa-12-sjednice-upravnog-vijeca.pdf\" class=\"wp-block-file__button\" download aria-describedby=\"wp-block-file--media-6b60cedc-2d7a-4974-ba28-776d786b6603\">Preuzmi<\/a><\/div>\n\n\n\n<div class=\"wp-block-file\"><a id=\"wp-block-file--media-6c960e3f-11c7-46e7-9344-6b7179da0657\" href=\"https:\/\/vrtic-smjesko.hr\/wp-content\/uploads\/2024\/05\/zapisnik-sa-11.-sjednice-Upravnog001.pdf\">zapisnik sa 11. sjednice<\/a><a href=\"https:\/\/vrtic-smjesko.hr\/wp-content\/uploads\/2024\/05\/zapisnik-sa-11.-sjednice-Upravnog001.pdf\" class=\"wp-block-file__button\" download aria-describedby=\"wp-block-file--media-6c960e3f-11c7-46e7-9344-6b7179da0657\">Preuzmi<\/a><\/div>\n\n\n\n<div class=\"wp-block-file\"><a id=\"wp-block-file--media-a5790d27-5da0-4e21-a55c-f4617fbfbe74\" href=\"https:\/\/vrtic-smjesko.hr\/wp-content\/uploads\/2024\/04\/Zapisnik-sa-10.-sjednice001-1.pdf\">zapisnik sa 10. sjednice<\/a><a href=\"https:\/\/vrtic-smjesko.hr\/wp-content\/uploads\/2024\/04\/Zapisnik-sa-10.-sjednice001-1.pdf\" class=\"wp-block-file__button\" download aria-describedby=\"wp-block-file--media-a5790d27-5da0-4e21-a55c-f4617fbfbe74\">Preuzmi<\/a><\/div>\n\n\n\n<div class=\"wp-block-file\"><a id=\"wp-block-file--media-3797eec2-e6eb-46e6-99b5-ed445dfaa74a\" href=\"https:\/\/vrtic-smjesko.hr\/wp-content\/uploads\/2024\/03\/zapisnik-9-sjednica.pdf\">zapisnik sa 9. sjednice<\/a><a href=\"https:\/\/vrtic-smjesko.hr\/wp-content\/uploads\/2024\/03\/zapisnik-9-sjednica.pdf\" class=\"wp-block-file__button\" download aria-describedby=\"wp-block-file--media-3797eec2-e6eb-46e6-99b5-ed445dfaa74a\">Preuzmi<\/a><\/div>\n\n\n\n<div class=\"wp-block-file\"><a id=\"wp-block-file--media-40876eb6-fc7e-4b08-8350-830e0be5fa1a\" href=\"https:\/\/vrtic-smjesko.hr\/wp-content\/uploads\/2024\/02\/zapisnik-sa-8-sjednice001.pdf\">zapisnik sa 8.sjednice<\/a><a href=\"https:\/\/vrtic-smjesko.hr\/wp-content\/uploads\/2024\/02\/zapisnik-sa-8-sjednice001.pdf\" class=\"wp-block-file__button\" download aria-describedby=\"wp-block-file--media-40876eb6-fc7e-4b08-8350-830e0be5fa1a\">Preuzmi<\/a><\/div>\n\n\n\n<div class=\"wp-block-file\"><a id=\"wp-block-file--media-0f3a5fe2-de06-494d-a7f1-a8425f444031\" href=\"https:\/\/vrtic-smjesko.hr\/wp-content\/uploads\/2023\/12\/zapisnik-7.-sjednica.pdf\">zapisnik sa 7. sjednice<\/a><a href=\"https:\/\/vrtic-smjesko.hr\/wp-content\/uploads\/2023\/12\/zapisnik-7.-sjednica.pdf\" class=\"wp-block-file__button\" download aria-describedby=\"wp-block-file--media-0f3a5fe2-de06-494d-a7f1-a8425f444031\">Preuzmi<\/a><\/div>\n\n\n\n<div class=\"wp-block-file\"><a id=\"wp-block-file--media-48202238-66da-4678-a0cb-9c6f0ad37a6c\" href=\"https:\/\/vrtic-smjesko.hr\/wp-content\/uploads\/2023\/12\/Zapisnik-sa-6.-sjednice003-1.pdf\">zapisnik sa 6. sjednice<\/a><a href=\"https:\/\/vrtic-smjesko.hr\/wp-content\/uploads\/2023\/12\/Zapisnik-sa-6.-sjednice003-1.pdf\" class=\"wp-block-file__button\" download aria-describedby=\"wp-block-file--media-48202238-66da-4678-a0cb-9c6f0ad37a6c\">Preuzmi<\/a><\/div>\n\n\n\n<div class=\"wp-block-file\"><a id=\"wp-block-file--media-51e4554f-5910-4472-aace-e8b8bd5e0d93\" href=\"https:\/\/vrtic-smjesko.hr\/wp-content\/uploads\/2023\/10\/Zapisnik-sa-5-sjednice-Upravnog-vijeca001.pdf\">zapisnik sa 5. sjednice<\/a><a href=\"https:\/\/vrtic-smjesko.hr\/wp-content\/uploads\/2023\/10\/Zapisnik-sa-5-sjednice-Upravnog-vijeca001.pdf\" class=\"wp-block-file__button\" download aria-describedby=\"wp-block-file--media-51e4554f-5910-4472-aace-e8b8bd5e0d93\">Preuzmi<\/a><\/div>\n\n\n\n<div class=\"wp-block-file\"><a id=\"wp-block-file--media-70c09e74-bcd3-4815-bdff-d4235c63a919\" href=\"https:\/\/vrtic-smjesko.hr\/wp-content\/uploads\/2023\/10\/Zapisnik-sa-4-sjednice-Upravnog-vijeca001.pdf\">zapisnik sa 4. sjednice<\/a><a href=\"https:\/\/vrtic-smjesko.hr\/wp-content\/uploads\/2023\/10\/Zapisnik-sa-4-sjednice-Upravnog-vijeca001.pdf\" class=\"wp-block-file__button\" download aria-describedby=\"wp-block-file--media-70c09e74-bcd3-4815-bdff-d4235c63a919\">Preuzmi<\/a><\/div>\n\n\n\n<div class=\"wp-block-file\"><a id=\"wp-block-file--media-6db72d63-d9f7-4225-b13f-5fcf3642ea2b\" href=\"https:\/\/vrtic-smjesko.hr\/wp-content\/uploads\/2023\/05\/Zapisnik-sa-3.-sjednice-Upravnog-vijeca001.pdf\">zapisnik sa 3. sjednice<\/a><a href=\"https:\/\/vrtic-smjesko.hr\/wp-content\/uploads\/2023\/05\/Zapisnik-sa-3.-sjednice-Upravnog-vijeca001.pdf\" class=\"wp-block-file__button\" download aria-describedby=\"wp-block-file--media-6db72d63-d9f7-4225-b13f-5fcf3642ea2b\">Preuzmi<\/a><\/div>\n\n\n\n<div class=\"wp-block-file\"><a id=\"wp-block-file--media-be5dae85-e305-45e5-8a6f-62abe8ed0f9e\" href=\"https:\/\/vrtic-smjesko.hr\/wp-content\/uploads\/2023\/05\/zpisnik-sa-2-sjednice-UV.pdf\">zapisnik sa 2. sjednice<\/a><a href=\"https:\/\/vrtic-smjesko.hr\/wp-content\/uploads\/2023\/05\/zpisnik-sa-2-sjednice-UV.pdf\" class=\"wp-block-file__button\" download aria-describedby=\"wp-block-file--media-be5dae85-e305-45e5-8a6f-62abe8ed0f9e\">Preuzmi<\/a><\/div>\n\n\n\n<div class=\"wp-block-file\"><a id=\"wp-block-file--media-4d992922-2f5e-456d-a68c-c6f1c050d6cd\" href=\"https:\/\/vrtic-smjesko.hr\/wp-content\/uploads\/2022\/11\/Zapisnik-sa-1.-sjednice-Upravnog-1.pdf\">zapisnik sa 1. sjednice<\/a><a href=\"https:\/\/vrtic-smjesko.hr\/wp-content\/uploads\/2022\/11\/Zapisnik-sa-1.-sjednice-Upravnog-1.pdf\" class=\"wp-block-file__button\" download aria-describedby=\"wp-block-file--media-4d992922-2f5e-456d-a68c-c6f1c050d6cd\">Preuzmi<\/a><\/div>\n\n\n\n<div class=\"wp-block-file\"><a id=\"wp-block-file--media-041407d9-61b7-4f57-bb5e-50dab554273e\" href=\"https:\/\/vrtic-smjesko.hr\/wp-content\/uploads\/2022\/08\/zapisnik-52-potpisan.pdf\">zapisnik sa 52.sjednice- verifikacija mandata \u010dlanova Upravnog vije\u0107a DV Smje\u0161ko<\/a><a href=\"https:\/\/vrtic-smjesko.hr\/wp-content\/uploads\/2022\/08\/zapisnik-52-potpisan.pdf\" class=\"wp-block-file__button\" download aria-describedby=\"wp-block-file--media-041407d9-61b7-4f57-bb5e-50dab554273e\">Preuzmi<\/a><\/div>\n\n\n\n<div class=\"wp-block-file\"><a id=\"wp-block-file--media-63c5d37f-9b42-443c-913b-94201700f4bd\" href=\"https:\/\/vrtic-smjesko.hr\/wp-content\/uploads\/2022\/07\/Zapisnik-51.pdf\">zapisnik sa 51. sjednice<\/a><a href=\"https:\/\/vrtic-smjesko.hr\/wp-content\/uploads\/2022\/07\/Zapisnik-51.pdf\" class=\"wp-block-file__button\" download aria-describedby=\"wp-block-file--media-63c5d37f-9b42-443c-913b-94201700f4bd\">Preuzmi<\/a><\/div>\n\n\n\n<div class=\"wp-block-file\"><a id=\"wp-block-file--media-75ad9a97-7aa8-4315-a223-e5b41c7589b5\" href=\"https:\/\/vrtic-smjesko.hr\/wp-content\/uploads\/2022\/06\/Zapisnik_sa_50_sjednice_Upravng_vijeca_Vrtica.pdf\">zapisnik sa 50.sjednice<\/a><a href=\"https:\/\/vrtic-smjesko.hr\/wp-content\/uploads\/2022\/06\/Zapisnik_sa_50_sjednice_Upravng_vijeca_Vrtica.pdf\" class=\"wp-block-file__button\" download aria-describedby=\"wp-block-file--media-75ad9a97-7aa8-4315-a223-e5b41c7589b5\">Preuzmi<\/a><\/div>\n\n\n\n<div class=\"wp-block-file\"><a id=\"wp-block-file--media-d974e3e1-2c1e-4e7d-8753-885f115ff4f1\" href=\"https:\/\/vrtic-smjesko.hr\/wp-content\/uploads\/2022\/05\/Zapisnik-49.sjednica.pdf\">zapisnik sa 49. sjednice<\/a><a href=\"https:\/\/vrtic-smjesko.hr\/wp-content\/uploads\/2022\/05\/Zapisnik-49.sjednica.pdf\" class=\"wp-block-file__button\" download aria-describedby=\"wp-block-file--media-d974e3e1-2c1e-4e7d-8753-885f115ff4f1\">Preuzmi<\/a><\/div>\n\n\n\n<div class=\"wp-block-file\"><a id=\"wp-block-file--media-83381953-f81a-4904-afc7-9f3ccb416fcc\" href=\"https:\/\/vrtic-smjesko.hr\/wp-content\/uploads\/2022\/04\/Zapisnik-sa-48-sjednice.pdf\">zapisnik sa 48. sjednice<\/a><a href=\"https:\/\/vrtic-smjesko.hr\/wp-content\/uploads\/2022\/04\/Zapisnik-sa-48-sjednice.pdf\" class=\"wp-block-file__button\" download aria-describedby=\"wp-block-file--media-83381953-f81a-4904-afc7-9f3ccb416fcc\">Preuzmi<\/a><\/div>\n\n\n\n<div class=\"wp-block-file\"><a id=\"wp-block-file--media-31763409-db6e-4bf2-8b3e-8834a2991b93\" href=\"https:\/\/vrtic-smjesko.hr\/wp-content\/uploads\/2022\/03\/zapisnik-sa-47-sj.pdf\">zapisnik sa 47. sjednice<\/a><a href=\"https:\/\/vrtic-smjesko.hr\/wp-content\/uploads\/2022\/03\/zapisnik-sa-47-sj.pdf\" class=\"wp-block-file__button\" download aria-describedby=\"wp-block-file--media-31763409-db6e-4bf2-8b3e-8834a2991b93\">Preuzmi<\/a><\/div>\n\n\n\n<div class=\"wp-block-file\"><a id=\"wp-block-file--media-ed915e37-7f1b-4740-96de-d2e7afccde88\" href=\"https:\/\/vrtic-smjesko.hr\/wp-content\/uploads\/2022\/03\/Zapisnik-sa-46-sjednice-Upravnog-vijeca-DV-Smjesko.pdf\">zapisnik sa 46. sjednice<\/a><a href=\"https:\/\/vrtic-smjesko.hr\/wp-content\/uploads\/2022\/03\/Zapisnik-sa-46-sjednice-Upravnog-vijeca-DV-Smjesko.pdf\" class=\"wp-block-file__button\" download aria-describedby=\"wp-block-file--media-ed915e37-7f1b-4740-96de-d2e7afccde88\">Preuzmi<\/a><\/div>\n\n\n\n<div class=\"wp-block-file\"><a id=\"wp-block-file--media-34b6d13a-0c38-4c00-bd07-9016e73c18f9\" href=\"http:\/\/vrtic-smjesko.hr\/wp-content\/uploads\/2021\/12\/Zapisnik-45.-sjednica-Upravnog-vije\u0107a-vrti\u0107a.pdf\">zapisnik sa 45. sjednice<\/a><a href=\"http:\/\/vrtic-smjesko.hr\/wp-content\/uploads\/2021\/12\/Zapisnik-45.-sjednica-Upravnog-vije\u0107a-vrti\u0107a.pdf\" class=\"wp-block-file__button\" download aria-describedby=\"wp-block-file--media-34b6d13a-0c38-4c00-bd07-9016e73c18f9\">Preuzmi<\/a><\/div>\n\n\n\n<div class=\"wp-block-file\"><a id=\"wp-block-file--media-d7ed2c17-40bf-43bf-b21d-3e8315f61c2c\" href=\"http:\/\/vrtic-smjesko.hr\/wp-content\/uploads\/2021\/11\/Potpisan-zapisnik-Upravnog-vije\u0107a-44-..pdf\">zapisnik sa 44. sjednice<\/a><a href=\"http:\/\/vrtic-smjesko.hr\/wp-content\/uploads\/2021\/11\/Potpisan-zapisnik-Upravnog-vije\u0107a-44-..pdf\" class=\"wp-block-file__button\" download aria-describedby=\"wp-block-file--media-d7ed2c17-40bf-43bf-b21d-3e8315f61c2c\">Preuzmi<\/a><\/div>\n\n\n\n<div class=\"wp-block-file\"><a id=\"wp-block-file--media-0c9448b8-a623-416c-a1bf-6c9d113328ec\" href=\"http:\/\/vrtic-smjesko.hr\/wp-content\/uploads\/2021\/10\/43-upravno.pdf\">zapisnik sa 43.sjednice<\/a><a href=\"http:\/\/vrtic-smjesko.hr\/wp-content\/uploads\/2021\/10\/43-upravno.pdf\" class=\"wp-block-file__button\" download aria-describedby=\"wp-block-file--media-0c9448b8-a623-416c-a1bf-6c9d113328ec\">Preuzmi<\/a><\/div>\n\n\n\n<div class=\"wp-block-file\"><a id=\"wp-block-file--media-1b4b83e3-7f8e-4d7f-8fa3-4c68b908dcbc\" href=\"http:\/\/vrtic-smjesko.hr\/wp-content\/uploads\/2021\/10\/ilovepdf_merged.pdf\">zapisnik sa 42. sjednice<\/a><a href=\"http:\/\/vrtic-smjesko.hr\/wp-content\/uploads\/2021\/10\/ilovepdf_merged.pdf\" class=\"wp-block-file__button\" download aria-describedby=\"wp-block-file--media-1b4b83e3-7f8e-4d7f-8fa3-4c68b908dcbc\">Preuzmi<\/a><\/div>\n\n\n\n<div class=\"wp-block-file\"><a id=\"wp-block-file--media-803d254e-daa3-4d5b-b7f2-728de33489bd\" href=\"http:\/\/vrtic-smjesko.hr\/wp-content\/uploads\/2021\/10\/ilovepdf_merged-1.pdf\">zapisnik sa 41. sjednice<\/a><a href=\"http:\/\/vrtic-smjesko.hr\/wp-content\/uploads\/2021\/10\/ilovepdf_merged-1.pdf\" class=\"wp-block-file__button\" download aria-describedby=\"wp-block-file--media-803d254e-daa3-4d5b-b7f2-728de33489bd\">Preuzmi<\/a><\/div>\n\n\n\n<div class=\"wp-block-file\"><a id=\"wp-block-file--media-29a9994e-7473-4f05-9046-a675d784de4e\" href=\"http:\/\/vrtic-smjesko.hr\/wp-content\/uploads\/2021\/10\/ilovepdf_merged-2-1.pdf\">zapisnik sa 40. sjednice<\/a><a href=\"http:\/\/vrtic-smjesko.hr\/wp-content\/uploads\/2021\/10\/ilovepdf_merged-2-1.pdf\" class=\"wp-block-file__button\" download aria-describedby=\"wp-block-file--media-29a9994e-7473-4f05-9046-a675d784de4e\">Preuzmi<\/a><\/div>\n\n\n\n<div class=\"wp-block-file\"><a id=\"wp-block-file--media-38885ed7-b64f-442e-9ae5-6ef9b044adee\" href=\"http:\/\/vrtic-smjesko.hr\/wp-content\/uploads\/2021\/10\/ilovepdf_merged-3.pdf\">zapisnik sa 39. sjednice<\/a><a href=\"http:\/\/vrtic-smjesko.hr\/wp-content\/uploads\/2021\/10\/ilovepdf_merged-3.pdf\" class=\"wp-block-file__button\" download aria-describedby=\"wp-block-file--media-38885ed7-b64f-442e-9ae5-6ef9b044adee\">Preuzmi<\/a><\/div>\n\n\n\n<div class=\"wp-block-file\"><a id=\"wp-block-file--media-2706ec46-4026-4ca6-9431-41e1a042172a\" href=\"http:\/\/vrtic-smjesko.hr\/wp-content\/uploads\/2021\/10\/ilovepdf_merged-4-1.pdf\">zapisnik sa 38. sjednice<\/a><a href=\"http:\/\/vrtic-smjesko.hr\/wp-content\/uploads\/2021\/10\/ilovepdf_merged-4-1.pdf\" class=\"wp-block-file__button\" download aria-describedby=\"wp-block-file--media-2706ec46-4026-4ca6-9431-41e1a042172a\">Preuzmi<\/a><\/div>\n\n\n\n<div class=\"wp-block-file\"><a id=\"wp-block-file--media-67132176-4d57-4b2d-bb78-b369046e5d9e\" href=\"http:\/\/vrtic-smjesko.hr\/wp-content\/uploads\/2021\/10\/ilovepdf_merged-5-1.pdf\">zapisnik sa 37. sjednice<\/a><a href=\"http:\/\/vrtic-smjesko.hr\/wp-content\/uploads\/2021\/10\/ilovepdf_merged-5-1.pdf\" class=\"wp-block-file__button\" download aria-describedby=\"wp-block-file--media-67132176-4d57-4b2d-bb78-b369046e5d9e\">Preuzmi<\/a><\/div>\n\n\n\n<div class=\"wp-block-file\"><a id=\"wp-block-file--media-42816794-c010-4275-9a57-a215e0d78bf0\" href=\"http:\/\/vrtic-smjesko.hr\/wp-content\/uploads\/2021\/10\/ilovepdf_merged-6-1.pdf\">zapisnik sa 36. sjednice<\/a><a href=\"http:\/\/vrtic-smjesko.hr\/wp-content\/uploads\/2021\/10\/ilovepdf_merged-6-1.pdf\" class=\"wp-block-file__button\" download aria-describedby=\"wp-block-file--media-42816794-c010-4275-9a57-a215e0d78bf0\">Preuzmi<\/a><\/div>\n\n\n\n<div class=\"wp-block-file\"><a id=\"wp-block-file--media-78136b1c-3f99-4477-a2ea-2abf9278cf0b\" href=\"http:\/\/vrtic-smjesko.hr\/wp-content\/uploads\/2021\/10\/ilovepdf_merged-7-1.pdf\">zapisnik sa 35. sjednice<\/a><a href=\"http:\/\/vrtic-smjesko.hr\/wp-content\/uploads\/2021\/10\/ilovepdf_merged-7-1.pdf\" class=\"wp-block-file__button\" download aria-describedby=\"wp-block-file--media-78136b1c-3f99-4477-a2ea-2abf9278cf0b\">Preuzmi<\/a><\/div>\n\n\n\n<div class=\"wp-block-file\"><a id=\"wp-block-file--media-f153f304-6d38-4780-98fd-b0699ef56853\" href=\"https:\/\/vrtic-smjesko.hr\/wp-content\/uploads\/2022\/03\/Zapisnik_sa_20.sjednie_Upravnog_vijeca.pdf\">zapisnik sa 20. sjednice <\/a><a href=\"https:\/\/vrtic-smjesko.hr\/wp-content\/uploads\/2022\/03\/Zapisnik_sa_20.sjednie_Upravnog_vijeca.pdf\" class=\"wp-block-file__button\" download aria-describedby=\"wp-block-file--media-f153f304-6d38-4780-98fd-b0699ef56853\">Preuzmi<\/a><\/div>\n","protected":false},"excerpt":{"rendered":"<p>\u010cLANOVI UPRAVNOG VIJE\u0106A DJE\u010cJEG VRTI\u0106A &#8220;SMJE\u0160KO&#8221; VIR Antonio Vu\u010deti\u0107, predsjednik Upravnog vije\u0107a Sr\u0111an Liveri\u0107, zamjenik predsjednika Upravnog vije\u0107a Mate Kapovi\u0107, \u010dlan iz reda Osniva\u010da Ivana Ba\u0161i\u0107, predstavnik Odgojiteljskog vije\u0107a Tomislav \u010cepi\u0107, predstavnik roditelja djece korisnika ZAPISNICI<\/p>\n","protected":false},"author":1,"featured_media":0,"parent":0,"menu_order":0,"comment_status":"closed","ping_status":"closed","template":"","meta":{"ub_ctt_via":""},"featured_image_src":null,"_links":{"self":[{"href":"https:\/\/vrtic-smjesko.hr\/index.php\/wp-json\/wp\/v2\/pages\/971"}],"collection":[{"href":"https:\/\/vrtic-smjesko.hr\/index.php\/wp-json\/wp\/v2\/pages"}],"about":[{"href":"https:\/\/vrtic-smjesko.hr\/index.php\/wp-json\/wp\/v2\/types\/page"}],"author":[{"embeddable":true,"href":"https:\/\/vrtic-smjesko.hr\/index.php\/wp-json\/wp\/v2\/users\/1"}],"replies":[{"embeddable":true,"href":"https:\/\/vrtic-smjesko.hr\/index.php\/wp-json\/wp\/v2\/comments?post=971"}],"version-history":[{"count":70,"href":"https:\/\/vrtic-smjesko.hr\/index.php\/wp-json\/wp\/v2\/pages\/971\/revisions"}],"predecessor-version":[{"id":2765,"href":"https:\/\/vrtic-smjesko.hr\/index.php\/wp-json\/wp\/v2\/pages\/971\/revisions\/2765"}],"wp:attachment":[{"href":"https:\/\/vrtic-smjesko.hr\/index.php\/wp-json\/wp\/v2\/media?parent=971"}],"curies":[{"name":"wp","href":"https:\/\/api.w.org\/{rel}","templated":true}]}}