{"id":97,"date":"2020-01-19T15:50:02","date_gmt":"2020-01-19T14:50:02","guid":{"rendered":"http:\/\/localhost\/vrtic\/?page_id=97"},"modified":"2020-10-20T12:38:16","modified_gmt":"2020-10-20T10:38:16","slug":"preporuke-i-smjernice","status":"publish","type":"page","link":"https:\/\/vrtic-smjesko.hr\/index.php\/preporuke-i-smjernice\/","title":{"rendered":"Du\u017enosti i obveze roditelja"},"content":{"rendered":"<table>\n<tbody>\n<tr>\n<td style=\"border: none;\" width=\"697\"><strong><u>DJE\u010cJI VRTI\u0106 \u201eSMJE\u0160KO\u201c DJECI I VAMA RODITELJIMA \u017dELI DOBRODO\u0160LICU!<\/u><\/strong><\/td>\n<\/tr>\n<tr>\n<td style=\"border: none;\" width=\"697\">&nbsp;&nbsp;&nbsp;&nbsp;&nbsp;&nbsp;&nbsp;&nbsp;&nbsp;&nbsp;&nbsp; Vjerujem da \u0107e na\u0161a suradnja biti produktivna i pozitivna u korist na\u0161e djece i njihovog \u0161to ugodnijeg boravka u dje\u010djem vrti\u0107u.<p><\/p>\n<p>Zbog bolje suradnje i ostvarenje planiranih programa rada i aktivnosti s djecom utvr\u0111ena su pravila na nivou ustanove. Nadam se da \u0107e te se slo\u017eiti da pridr\u017eavanjem utvr\u0111enih pravila doprinosimo boljoj organizaciji i kvalitetnijem radu u dje\u010djem vrti\u0107u.<\/p><\/td>\n<\/tr>\n<tr>\n<td style=\"border: none;\" width=\"697\"><u>PRAVILA<\/u><p><\/p>\n<p>&#8211;&nbsp;&nbsp;&nbsp;&nbsp;&nbsp;&nbsp;&nbsp;&nbsp; Radno vrijeme vrti\u0107a je od 6.30 do 16.30 sati.<\/p>\n<p>&#8211;&nbsp;&nbsp;&nbsp;&nbsp;&nbsp;&nbsp;&nbsp;&nbsp; Roditelji su du\u017eni dovoditi djecu u vrti\u0107 ujutro najdalje <strong><u>do 9 sati. <\/u><\/strong>U iznimnim prilikama dijete<strong>, <u>ponekad<\/u><\/strong><u>,<\/u> mo\u017ee do\u0107i i kasnije, ali jedino ako je roditelj dogovorio sa tetom <strong><u>dan prije<\/u><\/strong> i bitno je naglasiti da li \u0107e dijete doru\u010dkovati ili ne.<\/p>\n<p>&#8211;&nbsp;&nbsp;&nbsp;&nbsp;&nbsp;&nbsp;&nbsp;&nbsp; Odlazak djece iz vrti\u0107a ovisi o potrebama roditelja. Zbog organizacije posla i potrebe djece molimo roditelje da dolaze po djecu u dogovorenom vremenskom okviru \u0161to zna\u010di; ako dijete ostaje na cjelodnevnom boravku po dijete treba do\u0107i od 16:00 do16:30 sati, ako dijete ostaje u poludnevnom boravku onda vas molim da do\u0111ete najkasnije do 13:00 sati.<\/p>\n<p>Zna se dogoditi da dijete koje ne ostaje na cjelodnevnom boravku zbog ukazanih potreba roditelja mora ostati du\u017ee, u tom slu\u010daju molimo roditelje da ujutro kad dijete dovedu u vrti\u0107 to naglase tetama.<\/p>\n<p>&#8211;&nbsp;&nbsp;&nbsp;&nbsp;&nbsp;&nbsp;&nbsp;&nbsp; Posebno nagla\u0161avamo<u> <strong>BOLESNU DJECU SE NE SMIJE DOVODITI U VRTI\u0106<\/strong> <\/u>i to:<\/p>\n<p>o&nbsp;&nbsp; Djeca koja imaju temperaturu,<\/p>\n<p>o&nbsp;&nbsp; Djeca koja su na bilo kojoj vrsti antibiotika,<\/p>\n<p>o&nbsp;&nbsp; Djeca koja jako ka\u0161lju(gu\u0161enje, opstrukcije\u2026) i curi im nos,<\/p>\n<p>o&nbsp;&nbsp; Djeca koja boluju od zaraznih bolesti.<\/p>\n<p>Nakon \u0161to lije\u010dnik utvrdi da dijete boluje od neke zarazne bolesti, roditelj je<\/p>\n<p>du\u017ean zbog sigurnosti druge djece, a time i svog djeteta obavijestiti odgojiteljice<\/p>\n<p>u vrti\u0107u. Nakon zavr\u0161etka lije\u010denja roditelj je du\u017ean donijeti negativan nalaz od<\/p>\n<p>lije\u010dnika.<\/p>\n<p>U slu\u010daju da dijete boluje od neke od zaraznih bolesti roditelj je du\u017ean obavijestiti odgojiteljicu u vrti\u0107u i zadr\u017eati dijete kod ku\u0107e u svrhu zaustavljanja \u0161irenja bolesti. U slu\u010daju da roditelj namjerno zanemari ovo pravilo snosit \u0107e odgovornost za nastalu situaciju.<\/p>\n<p>&#8211;&nbsp;&nbsp;&nbsp;&nbsp;&nbsp;&nbsp;&nbsp;&nbsp; Roditelji su za djecu du\u017eni u vrti\u0107 donijeti<\/p>\n<p>o&nbsp;&nbsp; Papu\u010dice<\/p>\n<p>o&nbsp;&nbsp; svaki mjesec dvije role papirnatog ru\u010dnika.<\/p><\/td>\n<\/tr>\n<tr>\n<td style=\"border: none;\" width=\"697\">ZA SVE OSTALO \u0106E TE BITI OBAVJE\u0160TENI NAKNADNO I NA VRIJEME.<p><\/p>\n<p>Br. Tel. Dje\u010djeg vrti\u0107a je 023\/ 362 730, na koji se mo\u017eete obratiti ako ne\u0161to zatrebate i odgojiteljice su uvijek&nbsp; na raspolaganju.<\/p><\/td>\n<\/tr>\n<tr>\n<td style=\"border: none;\" width=\"697\"><strong>U naprijed zahvaljujemo na suradnji!<\/strong><\/td>\n<\/tr>\n<\/tbody>\n<\/table>\n\n\n<div class=\"wp-block-file\"><a href=\"http:\/\/vrtic-smjesko.hr\/wp-content\/uploads\/2020\/10\/LETAK-DOBRODO\u0160LI-VIR.pdf\">LETAK-DOBRODO\u0160LI-VIR<\/a><a href=\"http:\/\/vrtic-smjesko.hr\/wp-content\/uploads\/2020\/10\/LETAK-DOBRODO\u0160LI-VIR.pdf\" class=\"wp-block-file__button\" download>Preuzmi<\/a><\/div>\n","protected":false},"excerpt":{"rendered":"<p>DJE\u010cJI VRTI\u0106 \u201eSMJE\u0160KO\u201c DJECI I VAMA RODITELJIMA \u017dELI DOBRODO\u0160LICU! &nbsp;&nbsp;&nbsp;&nbsp;&nbsp;&nbsp;&nbsp;&nbsp;&nbsp;&nbsp;&nbsp; Vjerujem da \u0107e na\u0161a suradnja biti produktivna i pozitivna u korist na\u0161e djece i njihovog \u0161to ugodnijeg boravka u dje\u010djem vrti\u0107u. Zbog bolje suradnje i ostvarenje planiranih programa rada i aktivnosti s djecom utvr\u0111ena su pravila na nivou ustanove. Nadam se da \u0107e te se slo\u017eiti da pridr\u017eavanjem utvr\u0111enih pravila doprinosimo boljoj organizaciji i kvalitetnijem radu u dje\u010djem vrti\u0107u. PRAVILA &#8211;&nbsp;&nbsp;&nbsp;&nbsp;&nbsp;&nbsp;&nbsp;&nbsp; Radno vrijeme vrti\u0107a je od 6.30 do 16.30 sati. &#8211;&nbsp;&nbsp;&nbsp;&nbsp;&nbsp;&nbsp;&nbsp;&nbsp; Roditelji su du\u017eni dovoditi djecu u vrti\u0107 ujutro najdalje do 9 sati. U iznimnim prilikama dijete, ponekad, mo\u017ee do\u0107i i kasnije, ali jedino ako je roditelj dogovorio sa tetom dan prije i bitno je naglasiti da li \u0107e dijete doru\u010dkovati ili ne. &#8211;&nbsp;&nbsp;&nbsp;&nbsp;&nbsp;&nbsp;&nbsp;&nbsp; Odlazak djece iz vrti\u0107a ovisi o potrebama roditelja. Zbog organizacije posla i potrebe djece molimo roditelje da dolaze po djecu u dogovorenom vremenskom okviru \u0161to zna\u010di; ako dijete ostaje na cjelodnevnom boravku po dijete treba do\u0107i od 16:00 do16:30 sati, ako dijete ostaje u poludnevnom boravku onda vas molim da do\u0111ete najkasnije do 13:00 sati. Zna se dogoditi da dijete koje ne ostaje na cjelodnevnom boravku zbog ukazanih potreba roditelja mora ostati du\u017ee, u tom slu\u010daju molimo roditelje da ujutro kad dijete dovedu u vrti\u0107 to naglase tetama. &#8211;&nbsp;&nbsp;&nbsp;&nbsp;&nbsp;&nbsp;&nbsp;&nbsp; Posebno nagla\u0161avamo BOLESNU DJECU SE NE SMIJE DOVODITI U VRTI\u0106 i to: o&nbsp;&nbsp; Djeca koja imaju temperaturu, o&nbsp;&nbsp; Djeca koja su na bilo kojoj vrsti antibiotika, o&nbsp;&nbsp; Djeca koja jako ka\u0161lju(gu\u0161enje, opstrukcije\u2026) i curi im nos, o&nbsp;&nbsp; Djeca koja boluju od zaraznih bolesti. Nakon \u0161to lije\u010dnik utvrdi da dijete boluje od neke zarazne bolesti, roditelj je du\u017ean zbog sigurnosti druge djece, a time i svog djeteta obavijestiti odgojiteljice u vrti\u0107u. Nakon zavr\u0161etka lije\u010denja roditelj je du\u017ean donijeti negativan nalaz od lije\u010dnika. U slu\u010daju da dijete boluje od neke od zaraznih bolesti roditelj je du\u017ean obavijestiti odgojiteljicu u vrti\u0107u i zadr\u017eati dijete kod ku\u0107e u svrhu zaustavljanja \u0161irenja bolesti. U slu\u010daju da roditelj namjerno zanemari ovo pravilo snosit \u0107e odgovornost za nastalu situaciju. &#8211;&nbsp;&nbsp;&nbsp;&nbsp;&nbsp;&nbsp;&nbsp;&nbsp; Roditelji su za djecu du\u017eni u vrti\u0107 donijeti o&nbsp;&nbsp; Papu\u010dice o&nbsp;&nbsp; svaki mjesec dvije role papirnatog ru\u010dnika. ZA SVE OSTALO \u0106E TE BITI OBAVJE\u0160TENI NAKNADNO I NA VRIJEME. Br. Tel. Dje\u010djeg vrti\u0107a je 023\/ 362 730, na koji se mo\u017eete obratiti ako ne\u0161to zatrebate i odgojiteljice su uvijek&nbsp; na raspolaganju. U naprijed zahvaljujemo na suradnji!<\/p>\n","protected":false},"author":1,"featured_media":0,"parent":0,"menu_order":0,"comment_status":"closed","ping_status":"closed","template":"","meta":{"ub_ctt_via":""},"featured_image_src":null,"_links":{"self":[{"href":"https:\/\/vrtic-smjesko.hr\/index.php\/wp-json\/wp\/v2\/pages\/97"}],"collection":[{"href":"https:\/\/vrtic-smjesko.hr\/index.php\/wp-json\/wp\/v2\/pages"}],"about":[{"href":"https:\/\/vrtic-smjesko.hr\/index.php\/wp-json\/wp\/v2\/types\/page"}],"author":[{"embeddable":true,"href":"https:\/\/vrtic-smjesko.hr\/index.php\/wp-json\/wp\/v2\/users\/1"}],"replies":[{"embeddable":true,"href":"https:\/\/vrtic-smjesko.hr\/index.php\/wp-json\/wp\/v2\/comments?post=97"}],"version-history":[{"count":11,"href":"https:\/\/vrtic-smjesko.hr\/index.php\/wp-json\/wp\/v2\/pages\/97\/revisions"}],"predecessor-version":[{"id":917,"href":"https:\/\/vrtic-smjesko.hr\/index.php\/wp-json\/wp\/v2\/pages\/97\/revisions\/917"}],"wp:attachment":[{"href":"https:\/\/vrtic-smjesko.hr\/index.php\/wp-json\/wp\/v2\/media?parent=97"}],"curies":[{"name":"wp","href":"https:\/\/api.w.org\/{rel}","templated":true}]}}