{"id":95,"date":"2020-01-19T15:49:22","date_gmt":"2020-01-19T14:49:22","guid":{"rendered":"http:\/\/localhost\/vrtic\/?page_id=95"},"modified":"2020-10-27T13:06:12","modified_gmt":"2020-10-27T12:06:12","slug":"jelovnik","status":"publish","type":"page","link":"https:\/\/vrtic-smjesko.hr\/index.php\/jelovnik\/","title":{"rendered":"Jelovnik"},"content":{"rendered":"\n<p class=\"has-text-align-left\">Pred\u0161kolsko razdoblje je vrijeme u kojem djeca intenzivno rastu i razvijaju\nse, tako i mi kao odgojno obrazovna ustanova stalno promi\u0161ljamo o pobolj\u0161anju\nprehrane, uvo\u0111enju novih namirnica, te pratimo konzumaciju istih.<\/p>\n\n\n\n<p class=\"has-text-align-left\">Hranom se osigurava energija potrebna za rast, tjelesnu aktivnost i\ntjelesne funkcije, unose se tvari koje izgra\u0111uju i odr\u017eavaju tijelo, tjelesnu i\nmentalnu kondiciju, te pobolj\u0161avaju na\u0161u otpornost prema bolestima. Pravilna\nprehrana ozna\u010dava zastupljenost i iskori\u0161tenje svih esencijalnih hranjivih tvari\nu koli\u010dini koja osigurava zdravlje jer ona ima izravan utjecaj na cjelovit rast\ni razvoj.<\/p>\n\n\n\n<p class=\"has-text-align-left\">Prilikom\nkreiranja na\u0161ih jelovnika vodili smo se stru\u010dnim i znanstvenim spoznajama te\ngodi\u0161njem dobu, pa smo godine prvi put izradili sezonske jelovnike pra\u0107ene\nfotografijama obroka iz na\u0161ih skupina koje mo\u017eete pogledati na na\u0161oj stranici. <\/p>\n\n\n\n<p class=\"has-text-align-left\">U proces pripreme vrti\u0107kih jelovnika i prehrane utkano je mnogo truda i ljubavi svih sudionika &#8211; kako bi imali sretnu, zadovoljnu i zdravu djecu.<\/p>\n\n\n\n<p class=\"has-text-align-right\">Zdravstvena voditeljica<\/p>\n","protected":false},"excerpt":{"rendered":"<p>Pred\u0161kolsko razdoblje je vrijeme u kojem djeca intenzivno rastu i razvijaju se, tako i mi kao odgojno obrazovna ustanova stalno promi\u0161ljamo o pobolj\u0161anju prehrane, uvo\u0111enju novih namirnica, te pratimo konzumaciju istih. Hranom se osigurava energija potrebna za rast, tjelesnu aktivnost i tjelesne funkcije, unose se tvari koje izgra\u0111uju i odr\u017eavaju tijelo, tjelesnu i mentalnu kondiciju, te pobolj\u0161avaju na\u0161u otpornost prema bolestima. Pravilna prehrana ozna\u010dava zastupljenost i iskori\u0161tenje svih esencijalnih hranjivih tvari u koli\u010dini koja osigurava zdravlje jer ona ima izravan utjecaj na cjelovit rast i razvoj. Prilikom kreiranja na\u0161ih jelovnika vodili smo se stru\u010dnim i znanstvenim spoznajama te godi\u0161njem dobu, pa smo godine prvi put izradili sezonske jelovnike pra\u0107ene fotografijama obroka iz na\u0161ih skupina koje mo\u017eete pogledati na na\u0161oj stranici. U proces pripreme vrti\u0107kih jelovnika i prehrane utkano je mnogo truda i ljubavi svih sudionika &#8211; kako bi imali sretnu, zadovoljnu i zdravu djecu. Zdravstvena voditeljica<\/p>\n","protected":false},"author":1,"featured_media":0,"parent":0,"menu_order":0,"comment_status":"closed","ping_status":"closed","template":"","meta":{"ub_ctt_via":""},"featured_image_src":null,"_links":{"self":[{"href":"https:\/\/vrtic-smjesko.hr\/index.php\/wp-json\/wp\/v2\/pages\/95"}],"collection":[{"href":"https:\/\/vrtic-smjesko.hr\/index.php\/wp-json\/wp\/v2\/pages"}],"about":[{"href":"https:\/\/vrtic-smjesko.hr\/index.php\/wp-json\/wp\/v2\/types\/page"}],"author":[{"embeddable":true,"href":"https:\/\/vrtic-smjesko.hr\/index.php\/wp-json\/wp\/v2\/users\/1"}],"replies":[{"embeddable":true,"href":"https:\/\/vrtic-smjesko.hr\/index.php\/wp-json\/wp\/v2\/comments?post=95"}],"version-history":[{"count":33,"href":"https:\/\/vrtic-smjesko.hr\/index.php\/wp-json\/wp\/v2\/pages\/95\/revisions"}],"predecessor-version":[{"id":981,"href":"https:\/\/vrtic-smjesko.hr\/index.php\/wp-json\/wp\/v2\/pages\/95\/revisions\/981"}],"wp:attachment":[{"href":"https:\/\/vrtic-smjesko.hr\/index.php\/wp-json\/wp\/v2\/media?parent=95"}],"curies":[{"name":"wp","href":"https:\/\/api.w.org\/{rel}","templated":true}]}}