{"id":941,"date":"2020-10-21T10:19:32","date_gmt":"2020-10-21T08:19:32","guid":{"rendered":"http:\/\/vrtic-smjesko.hr\/?page_id=941"},"modified":"2021-11-26T10:31:21","modified_gmt":"2021-11-26T09:31:21","slug":"natjecaji","status":"publish","type":"page","link":"https:\/\/vrtic-smjesko.hr\/index.php\/natjecaji\/","title":{"rendered":"Natje\u010daji"},"content":{"rendered":"\n<div class=\"wp-block-file\"><a href=\"http:\/\/vrtic-smjesko.hr\/wp-content\/uploads\/2021\/11\/ilovepdf_merged-9.pdf\">JAVNI NATJE\u010cAJ &#8211; ODGOJITELJ\/ICA NA ODRE\u0110ENO STUDENI 2021<\/a><a href=\"http:\/\/vrtic-smjesko.hr\/wp-content\/uploads\/2021\/11\/ilovepdf_merged-9.pdf\" class=\"wp-block-file__button\" download>Preuzmi<\/a><\/div>\n\n\n\n<div class=\"wp-block-file\"><a href=\"http:\/\/vrtic-smjesko.hr\/wp-content\/uploads\/2021\/11\/ilovepdf_merged-8-1.pdf\">JAVNI NATJE\u010cAJ &#8211; SPREMA\u010cICA NA ODRE\u0110ENO STUDENI 2021<br><\/a><a href=\"http:\/\/vrtic-smjesko.hr\/wp-content\/uploads\/2021\/11\/ilovepdf_merged-8-1.pdf\" class=\"wp-block-file__button\" download>Preuzmi<\/a><\/div>\n\n\n\n<div class=\"wp-block-file\"><a href=\"http:\/\/vrtic-smjesko.hr\/wp-content\/uploads\/2021\/03\/Natje\u010daj_03.2021.-1.pdf\">JAVNI NATJE\u010cAJ &#8211; ODGOJITELJ\/ICA NA ODRE\u0110ENO &#8211; O\u017dUJAK 2021<\/a><a href=\"http:\/\/vrtic-smjesko.hr\/wp-content\/uploads\/2021\/03\/Natje\u010daj_03.2021.-1.pdf\" class=\"wp-block-file__button\" download>Preuzmi<\/a><\/div>\n\n\n\n<div class=\"wp-block-file\"><a href=\"http:\/\/vrtic-smjesko.hr\/wp-content\/uploads\/2020\/10\/JAVNI-NATJE\u010cAJ-ODGOJITELJ-ICE.pdf\">JAVNI-NATJE\u010cAJ-ODGOJITELJ-ICE<\/a><a href=\"http:\/\/vrtic-smjesko.hr\/wp-content\/uploads\/2020\/10\/JAVNI-NATJE\u010cAJ-ODGOJITELJ-ICE.pdf\" class=\"wp-block-file__button\" download>Preuzmi<\/a><\/div>\n\n\n\n<div class=\"wp-block-file\"><a href=\"http:\/\/vrtic-smjesko.hr\/wp-content\/uploads\/2020\/10\/JAVNI-NATJE\u010cAJ-ODGOJITELJ-ICA.pdf\">JAVNI-NATJE\u010cAJ-ODGOJITELJ-ICA<\/a><a href=\"http:\/\/vrtic-smjesko.hr\/wp-content\/uploads\/2020\/10\/JAVNI-NATJE\u010cAJ-ODGOJITELJ-ICA.pdf\" class=\"wp-block-file__button\" download>Preuzmi<\/a><\/div>\n\n\n\n<div class=\"wp-block-file\"><a href=\"http:\/\/vrtic-smjesko.hr\/wp-content\/uploads\/2020\/10\/JAVNI-NATJE\u010cAJ-SPREMA\u010cICA.pdf\">JAVNI-NATJE\u010cAJ-SPREMA\u010cICA<\/a><a href=\"http:\/\/vrtic-smjesko.hr\/wp-content\/uploads\/2020\/10\/JAVNI-NATJE\u010cAJ-SPREMA\u010cICA.pdf\" class=\"wp-block-file__button\" download>Preuzmi<\/a><\/div>\n","protected":false},"excerpt":{"rendered":"","protected":false},"author":1,"featured_media":0,"parent":0,"menu_order":0,"comment_status":"closed","ping_status":"closed","template":"","meta":{"ub_ctt_via":""},"featured_image_src":null,"_links":{"self":[{"href":"https:\/\/vrtic-smjesko.hr\/index.php\/wp-json\/wp\/v2\/pages\/941"}],"collection":[{"href":"https:\/\/vrtic-smjesko.hr\/index.php\/wp-json\/wp\/v2\/pages"}],"about":[{"href":"https:\/\/vrtic-smjesko.hr\/index.php\/wp-json\/wp\/v2\/types\/page"}],"author":[{"embeddable":true,"href":"https:\/\/vrtic-smjesko.hr\/index.php\/wp-json\/wp\/v2\/users\/1"}],"replies":[{"embeddable":true,"href":"https:\/\/vrtic-smjesko.hr\/index.php\/wp-json\/wp\/v2\/comments?post=941"}],"version-history":[{"count":4,"href":"https:\/\/vrtic-smjesko.hr\/index.php\/wp-json\/wp\/v2\/pages\/941\/revisions"}],"predecessor-version":[{"id":1509,"href":"https:\/\/vrtic-smjesko.hr\/index.php\/wp-json\/wp\/v2\/pages\/941\/revisions\/1509"}],"wp:attachment":[{"href":"https:\/\/vrtic-smjesko.hr\/index.php\/wp-json\/wp\/v2\/media?parent=941"}],"curies":[{"name":"wp","href":"https:\/\/api.w.org\/{rel}","templated":true}]}}