{"id":932,"date":"2020-10-20T13:09:36","date_gmt":"2020-10-20T11:09:36","guid":{"rendered":"http:\/\/vrtic-smjesko.hr\/?page_id=932"},"modified":"2026-03-16T10:45:38","modified_gmt":"2026-03-16T09:45:38","slug":"godisnje-izvjesce-o-ostvarivanju-plana-i-programa-rada","status":"publish","type":"page","link":"https:\/\/vrtic-smjesko.hr\/index.php\/godisnje-izvjesce-o-ostvarivanju-plana-i-programa-rada\/","title":{"rendered":"Godi\u0161nje izvje\u0161\u0107e o ostvarivanju plana i programa rada"},"content":{"rendered":"\n<div class=\"wp-block-file\"><a id=\"wp-block-file--media-9752e803-4887-405b-91f7-b080d1f98ae6\" href=\"https:\/\/vrtic-smjesko.hr\/wp-content\/uploads\/2026\/03\/Godisnje-izvjesce-2024-2025.pdf\">Godisnje-izvjesce-2024-2025<\/a><a href=\"https:\/\/vrtic-smjesko.hr\/wp-content\/uploads\/2026\/03\/Godisnje-izvjesce-2024-2025.pdf\" class=\"wp-block-file__button\" download aria-describedby=\"wp-block-file--media-9752e803-4887-405b-91f7-b080d1f98ae6\">Preuzmi<\/a><\/div>\n\n\n\n<div class=\"wp-block-file\"><a id=\"wp-block-file--media-3c8701b5-5e38-4508-8544-6b3cd690aaf9\" href=\"https:\/\/vrtic-smjesko.hr\/wp-content\/uploads\/2024\/10\/God.izvjesce-2023-24001-1_compressed_compressed.pdf\">God.izvjesce-2023-204<\/a><a href=\"https:\/\/vrtic-smjesko.hr\/wp-content\/uploads\/2024\/10\/God.izvjesce-2023-24001-1_compressed_compressed.pdf\" class=\"wp-block-file__button\" download aria-describedby=\"wp-block-file--media-3c8701b5-5e38-4508-8544-6b3cd690aaf9\">Preuzmi<\/a><\/div>\n\n\n\n<div class=\"wp-block-file\"><a id=\"wp-block-file--media-4db4a3dd-11d0-44e9-8983-7b11fede4478\" href=\"https:\/\/vrtic-smjesko.hr\/wp-content\/uploads\/2023\/10\/IZVJESCE-1_merged.pdf\">godi\u0161nje izvje\u0161\u0107e 2022-2023<\/a><a href=\"https:\/\/vrtic-smjesko.hr\/wp-content\/uploads\/2023\/10\/IZVJESCE-1_merged.pdf\" class=\"wp-block-file__button\" download aria-describedby=\"wp-block-file--media-4db4a3dd-11d0-44e9-8983-7b11fede4478\">Preuzmi<\/a><\/div>\n\n\n\n<div class=\"wp-block-file\"><a id=\"wp-block-file--media-aebb1207-a122-41bf-8bce-007c830c6337\" href=\"https:\/\/vrtic-smjesko.hr\/wp-content\/uploads\/2022\/09\/IZVJESCE-pdf_merged_compressed.pdf\">godi\u0161nje izvje\u0161\u0107e djecji vrtic smjesko  2021-2022<\/a><a href=\"https:\/\/vrtic-smjesko.hr\/wp-content\/uploads\/2022\/09\/IZVJESCE-pdf_merged_compressed.pdf\" class=\"wp-block-file__button\" download aria-describedby=\"wp-block-file--media-aebb1207-a122-41bf-8bce-007c830c6337\">Preuzmi<\/a><\/div>\n\n\n\n<div class=\"wp-block-file\"><a id=\"wp-block-file--media-0e5e4d0f-8beb-4084-9747-c6ff9627d812\" href=\"http:\/\/vrtic-smjesko.hr\/wp-content\/uploads\/2021\/10\/godi\u0161nje-izvje\u0161\u0107e-djecji-vrtic-smjesko-2020-2021.pdf\">godi\u0161nje-izvje\u0161\u0107e-djecji-vrtic-smjesko-2020-2021<\/a><a href=\"http:\/\/vrtic-smjesko.hr\/wp-content\/uploads\/2021\/10\/godi\u0161nje-izvje\u0161\u0107e-djecji-vrtic-smjesko-2020-2021.pdf\" class=\"wp-block-file__button\" download aria-describedby=\"wp-block-file--media-0e5e4d0f-8beb-4084-9747-c6ff9627d812\">Preuzmi<\/a><\/div>\n\n\n\n<div class=\"wp-block-file\"><a id=\"wp-block-file--media-480632f7-2f53-47ae-8470-14f72a806d11\" href=\"http:\/\/vrtic-smjesko.hr\/wp-content\/uploads\/2020\/10\/godisnje_izvjesce_o_ostvarivanju_plana_i_programa_rada_2019-vir.pdf\">godisnje_izvjesce_o_ostvarivanju_plana_i_programa_rada_2018-2019-vir<\/a><a href=\"http:\/\/vrtic-smjesko.hr\/wp-content\/uploads\/2020\/10\/godisnje_izvjesce_o_ostvarivanju_plana_i_programa_rada_2019-vir.pdf\" class=\"wp-block-file__button\" download aria-describedby=\"wp-block-file--media-480632f7-2f53-47ae-8470-14f72a806d11\">Preuzmi<\/a><\/div>\n\n\n\n<div class=\"wp-block-file\"><a id=\"wp-block-file--media-ac397b47-c7d8-41f5-806e-9aca76f11138\" href=\"http:\/\/vrtic-smjesko.hr\/wp-content\/uploads\/2020\/10\/GODI\u0160NJE_IZVJE\u0160\u0106E_2019-20_web.pdf\">GODI\u0160NJE_IZVJE\u0160\u0106E_2019-20_web<\/a><a href=\"http:\/\/vrtic-smjesko.hr\/wp-content\/uploads\/2020\/10\/GODI\u0160NJE_IZVJE\u0160\u0106E_2019-20_web.pdf\" class=\"wp-block-file__button\" download aria-describedby=\"wp-block-file--media-ac397b47-c7d8-41f5-806e-9aca76f11138\">Preuzmi<\/a><\/div>\n","protected":false},"excerpt":{"rendered":"","protected":false},"author":1,"featured_media":0,"parent":0,"menu_order":0,"comment_status":"closed","ping_status":"closed","template":"","meta":{"ub_ctt_via":""},"featured_image_src":null,"_links":{"self":[{"href":"https:\/\/vrtic-smjesko.hr\/index.php\/wp-json\/wp\/v2\/pages\/932"}],"collection":[{"href":"https:\/\/vrtic-smjesko.hr\/index.php\/wp-json\/wp\/v2\/pages"}],"about":[{"href":"https:\/\/vrtic-smjesko.hr\/index.php\/wp-json\/wp\/v2\/types\/page"}],"author":[{"embeddable":true,"href":"https:\/\/vrtic-smjesko.hr\/index.php\/wp-json\/wp\/v2\/users\/1"}],"replies":[{"embeddable":true,"href":"https:\/\/vrtic-smjesko.hr\/index.php\/wp-json\/wp\/v2\/comments?post=932"}],"version-history":[{"count":10,"href":"https:\/\/vrtic-smjesko.hr\/index.php\/wp-json\/wp\/v2\/pages\/932\/revisions"}],"predecessor-version":[{"id":2747,"href":"https:\/\/vrtic-smjesko.hr\/index.php\/wp-json\/wp\/v2\/pages\/932\/revisions\/2747"}],"wp:attachment":[{"href":"https:\/\/vrtic-smjesko.hr\/index.php\/wp-json\/wp\/v2\/media?parent=932"}],"curies":[{"name":"wp","href":"https:\/\/api.w.org\/{rel}","templated":true}]}}