{"id":897,"date":"2020-10-20T12:31:04","date_gmt":"2020-10-20T10:31:04","guid":{"rendered":"http:\/\/vrtic-smjesko.hr\/?page_id=897"},"modified":"2023-09-21T11:45:57","modified_gmt":"2023-09-21T09:45:57","slug":"strucna-suradnica-pedagoginja","status":"publish","type":"page","link":"https:\/\/vrtic-smjesko.hr\/index.php\/strucna-suradnica-pedagoginja\/","title":{"rendered":"Stru\u010dna suradnica pedagoginja"},"content":{"rendered":"\n<div class=\"wp-block-file\"><a id=\"wp-block-file--media-dc79f660-ab0b-41c8-8950-fb805080ec96\" href=\"https:\/\/vrtic-smjesko.hr\/wp-content\/uploads\/2023\/05\/LETAK-DIJETE-I-IGRA.pdf\">DIJETE I IGRA<\/a><a href=\"https:\/\/vrtic-smjesko.hr\/wp-content\/uploads\/2023\/05\/LETAK-DIJETE-I-IGRA.pdf\" class=\"wp-block-file__button\" download aria-describedby=\"wp-block-file--media-dc79f660-ab0b-41c8-8950-fb805080ec96\">Preuzmi<\/a><\/div>\n\n\n\n<div class=\"wp-block-file\"><a id=\"wp-block-file--media-3f791ad2-6ed6-4f65-85d9-3c094a377f84\" href=\"https:\/\/vrtic-smjesko.hr\/wp-content\/uploads\/2023\/05\/samopouzdranje-letak.pdf\">KAKO NAU\u010cITI DJECU DA IMAJU ZDRAVO SAMOPO\u0160TOVANJE<\/a><a href=\"https:\/\/vrtic-smjesko.hr\/wp-content\/uploads\/2023\/05\/samopouzdranje-letak.pdf\" class=\"wp-block-file__button\" download aria-describedby=\"wp-block-file--media-3f791ad2-6ed6-4f65-85d9-3c094a377f84\">Preuzmi<\/a><\/div>\n\n\n\n<div class=\"wp-block-file\"><a id=\"wp-block-file--media-94bdac44-0ccb-435f-adb6-a1942a5418ac\" href=\"https:\/\/vrtic-smjesko.hr\/wp-content\/uploads\/2023\/05\/samoregulacija-letak.pdf\">\u0160TO JE TO SAMOREGULACIJA &#8211; I KAKO JU RAZVIJATI KOD DJECE?<\/a><a href=\"https:\/\/vrtic-smjesko.hr\/wp-content\/uploads\/2023\/05\/samoregulacija-letak.pdf\" class=\"wp-block-file__button\" download aria-describedby=\"wp-block-file--media-94bdac44-0ccb-435f-adb6-a1942a5418ac\">Preuzmi<\/a><\/div>\n\n\n\n<div class=\"wp-block-file\"><a id=\"wp-block-file--media-d9a63338-fd84-4178-b584-5f4e771505d7\" href=\"https:\/\/vrtic-smjesko.hr\/wp-content\/uploads\/2022\/05\/utjecaj-ekrana-na-djetetov-razvoj.pdf\">UTJECAJ EKRANA NA DJETETOV RAZVOJ<\/a><a href=\"https:\/\/vrtic-smjesko.hr\/wp-content\/uploads\/2022\/05\/utjecaj-ekrana-na-djetetov-razvoj.pdf\" class=\"wp-block-file__button\" download aria-describedby=\"wp-block-file--media-d9a63338-fd84-4178-b584-5f4e771505d7\">Preuzmi<\/a><\/div>\n\n\n\n<div class=\"wp-block-file\"><a id=\"wp-block-file--media-6047f9d7-1f9a-4863-99c8-f6c6a67fb536\" href=\"http:\/\/vrtic-smjesko.hr\/wp-content\/uploads\/2021\/04\/\u0160TO-NAM-GOVORE-DJE\u010cJI-CRTE\u017dI.pdf\">\u0160TO-NAM-GOVORE-DJE\u010cJI-CRTE\u017dI<\/a><a href=\"http:\/\/vrtic-smjesko.hr\/wp-content\/uploads\/2021\/04\/\u0160TO-NAM-GOVORE-DJE\u010cJI-CRTE\u017dI.pdf\" class=\"wp-block-file__button\" download aria-describedby=\"wp-block-file--media-6047f9d7-1f9a-4863-99c8-f6c6a67fb536\">Preuzmi<\/a><\/div>\n\n\n\n<div class=\"wp-block-file\"><a id=\"wp-block-file--media-1edbadcc-2364-4fd4-9b21-bc0899dbebd8\" href=\"http:\/\/vrtic-smjesko.hr\/wp-content\/uploads\/2020\/10\/IDEJE-ZA-KVALITETNO-KORI\u0160TENJE-EKRANA.pdf\">IDEJE-ZA-KVALITETNO-KORI\u0160TENJE-EKRANA<\/a><a href=\"http:\/\/vrtic-smjesko.hr\/wp-content\/uploads\/2020\/10\/IDEJE-ZA-KVALITETNO-KORI\u0160TENJE-EKRANA.pdf\" class=\"wp-block-file__button\" download aria-describedby=\"wp-block-file--media-1edbadcc-2364-4fd4-9b21-bc0899dbebd8\">Preuzmi<\/a><\/div>\n\n\n\n<div class=\"wp-block-file\"><a id=\"wp-block-file--media-fc3dcb25-d3f8-4fbf-b768-b0c42cd7cd3c\" href=\"http:\/\/vrtic-smjesko.hr\/wp-content\/uploads\/2020\/10\/KAKO-DJECI-OBJASNITI-SITUACIJU-S-KORONAVIRUSOM-1-1.pdf\">KAKO-DJECI-OBJASNITI-SITUACIJU-S-KORONAVIRUSOM-1-1<\/a><a href=\"http:\/\/vrtic-smjesko.hr\/wp-content\/uploads\/2020\/10\/KAKO-DJECI-OBJASNITI-SITUACIJU-S-KORONAVIRUSOM-1-1.pdf\" class=\"wp-block-file__button\" download aria-describedby=\"wp-block-file--media-fc3dcb25-d3f8-4fbf-b768-b0c42cd7cd3c\">Preuzmi<\/a><\/div>\n\n\n\n<div class=\"wp-block-file\"><a id=\"wp-block-file--media-183cd9d5-17a3-48f0-b12c-6c866b4bc128\" href=\"http:\/\/vrtic-smjesko.hr\/wp-content\/uploads\/2020\/10\/SADA-JE-VRIJEME-ZA-U\u010cENJE-NOVIH-VJE\u0160TINA.pdf\">SADA-JE-VRIJEME-ZA-U\u010cENJE-NOVIH-VJE\u0160TINA<\/a><a href=\"http:\/\/vrtic-smjesko.hr\/wp-content\/uploads\/2020\/10\/SADA-JE-VRIJEME-ZA-U\u010cENJE-NOVIH-VJE\u0160TINA.pdf\" class=\"wp-block-file__button\" download aria-describedby=\"wp-block-file--media-183cd9d5-17a3-48f0-b12c-6c866b4bc128\">Preuzmi<\/a><\/div>\n\n\n\n<div class=\"wp-block-file\"><a id=\"wp-block-file--media-dc3cf6cf-8e44-4dd4-b387-4932a53013e3\" href=\"http:\/\/vrtic-smjesko.hr\/wp-content\/uploads\/2020\/10\/ULOGA-O\u010cEVA-U-RAZVOJU-DJETETA.pdf\">ULOGA-O\u010cEVA-U-RAZVOJU-DJETETA<\/a><a href=\"http:\/\/vrtic-smjesko.hr\/wp-content\/uploads\/2020\/10\/ULOGA-O\u010cEVA-U-RAZVOJU-DJETETA.pdf\" class=\"wp-block-file__button\" download aria-describedby=\"wp-block-file--media-dc3cf6cf-8e44-4dd4-b387-4932a53013e3\">Preuzmi<\/a><\/div>\n\n\n\n<div class=\"wp-block-file\"><a id=\"wp-block-file--media-3c2e2c2b-9e47-4af4-b8f2-9b448a7de1b4\" href=\"http:\/\/vrtic-smjesko.hr\/wp-content\/uploads\/2020\/10\/LJETO-IDEALNO-VRIJEME-ZA-AKTIVNOSTI-S-DJECOM-1.pdf\">LJETO-IDEALNO-VRIJEME-ZA-AKTIVNOSTI-S-DJECOM-1<\/a><a href=\"http:\/\/vrtic-smjesko.hr\/wp-content\/uploads\/2020\/10\/LJETO-IDEALNO-VRIJEME-ZA-AKTIVNOSTI-S-DJECOM-1.pdf\" class=\"wp-block-file__button\" download aria-describedby=\"wp-block-file--media-3c2e2c2b-9e47-4af4-b8f2-9b448a7de1b4\">Preuzmi<\/a><\/div>\n\n\n\n<div class=\"wp-block-file\"><a id=\"wp-block-file--media-e5d7656e-13ea-4f2b-bc42-8c745f948da8\" href=\"http:\/\/vrtic-smjesko.hr\/wp-content\/uploads\/2020\/10\/SPREMNOST-ZA-\u0160KOLU.pdf\">SPREMNOST-ZA-\u0160KOLU<\/a><a href=\"http:\/\/vrtic-smjesko.hr\/wp-content\/uploads\/2020\/10\/SPREMNOST-ZA-\u0160KOLU.pdf\" class=\"wp-block-file__button\" download aria-describedby=\"wp-block-file--media-e5d7656e-13ea-4f2b-bc42-8c745f948da8\">Preuzmi<\/a><\/div>\n\n\n\n<div class=\"wp-block-file\"><a id=\"wp-block-file--media-3191a5f4-15d8-4b37-8e26-d72298ac4baa\" href=\"http:\/\/vrtic-smjesko.hr\/wp-content\/uploads\/2020\/10\/DOBNO-MJE\u0160OVITE-SKUPINE.pdf\">DOBNO-MJE\u0160OVITE-SKUPINE<\/a><a href=\"http:\/\/vrtic-smjesko.hr\/wp-content\/uploads\/2020\/10\/DOBNO-MJE\u0160OVITE-SKUPINE.pdf\" class=\"wp-block-file__button\" download aria-describedby=\"wp-block-file--media-3191a5f4-15d8-4b37-8e26-d72298ac4baa\">Preuzmi<\/a><\/div>\n\n\n\n<div class=\"wp-block-file\"><a id=\"wp-block-file--media-5c7d3bf7-1e3f-4521-adbb-f32b6ea27ede\" href=\"http:\/\/vrtic-smjesko.hr\/wp-content\/uploads\/2020\/10\/Adaptacija_-_letak_-vir-2020.pdf\">Adaptacija_-_letak_-vir-2020<\/a><a href=\"http:\/\/vrtic-smjesko.hr\/wp-content\/uploads\/2020\/10\/Adaptacija_-_letak_-vir-2020.pdf\" class=\"wp-block-file__button\" download aria-describedby=\"wp-block-file--media-5c7d3bf7-1e3f-4521-adbb-f32b6ea27ede\">Preuzmi<\/a><\/div>\n\n\n\n<div class=\"wp-block-file\"><a id=\"wp-block-file--media-38a685ab-efc8-4636-bb17-e0469e1055f9\" href=\"https:\/\/vrtic-smjesko.hr\/wp-content\/uploads\/2023\/09\/postavljanje-odgojnih-granica.pdf\">POSTAVLJANJE ODGOJNIH GRANICA<\/a><a href=\"https:\/\/vrtic-smjesko.hr\/wp-content\/uploads\/2023\/09\/postavljanje-odgojnih-granica.pdf\" class=\"wp-block-file__button\" download aria-describedby=\"wp-block-file--media-38a685ab-efc8-4636-bb17-e0469e1055f9\">Preuzmi<\/a><\/div>\n\n\n\n<div class=\"wp-block-file\"><a id=\"wp-block-file--media-f5815764-ab17-429b-bf42-03f62d1e652f\" href=\"https:\/\/vrtic-smjesko.hr\/wp-content\/uploads\/2023\/09\/SAVJETI-ZA-POTICANJE-JEZICNO-GOVORNOG-RAZVOJA.pdf\">SAVJETI-ZA-POTICANJE-JEZICNO-GOVORNOG-RAZVOJA<\/a><a href=\"https:\/\/vrtic-smjesko.hr\/wp-content\/uploads\/2023\/09\/SAVJETI-ZA-POTICANJE-JEZICNO-GOVORNOG-RAZVOJA.pdf\" class=\"wp-block-file__button\" download aria-describedby=\"wp-block-file--media-f5815764-ab17-429b-bf42-03f62d1e652f\">Preuzmi<\/a><\/div>\n","protected":false},"excerpt":{"rendered":"","protected":false},"author":1,"featured_media":0,"parent":0,"menu_order":0,"comment_status":"closed","ping_status":"closed","template":"","meta":{"ub_ctt_via":""},"featured_image_src":null,"_links":{"self":[{"href":"https:\/\/vrtic-smjesko.hr\/index.php\/wp-json\/wp\/v2\/pages\/897"}],"collection":[{"href":"https:\/\/vrtic-smjesko.hr\/index.php\/wp-json\/wp\/v2\/pages"}],"about":[{"href":"https:\/\/vrtic-smjesko.hr\/index.php\/wp-json\/wp\/v2\/types\/page"}],"author":[{"embeddable":true,"href":"https:\/\/vrtic-smjesko.hr\/index.php\/wp-json\/wp\/v2\/users\/1"}],"replies":[{"embeddable":true,"href":"https:\/\/vrtic-smjesko.hr\/index.php\/wp-json\/wp\/v2\/comments?post=897"}],"version-history":[{"count":12,"href":"https:\/\/vrtic-smjesko.hr\/index.php\/wp-json\/wp\/v2\/pages\/897\/revisions"}],"predecessor-version":[{"id":2407,"href":"https:\/\/vrtic-smjesko.hr\/index.php\/wp-json\/wp\/v2\/pages\/897\/revisions\/2407"}],"wp:attachment":[{"href":"https:\/\/vrtic-smjesko.hr\/index.php\/wp-json\/wp\/v2\/media?parent=897"}],"curies":[{"name":"wp","href":"https:\/\/api.w.org\/{rel}","templated":true}]}}