{"id":68,"date":"2020-01-19T15:18:27","date_gmt":"2020-01-19T14:18:27","guid":{"rendered":"http:\/\/localhost\/vrtic\/?page_id=68"},"modified":"2020-10-20T12:53:20","modified_gmt":"2020-10-20T10:53:20","slug":"upoznajte-nas","status":"publish","type":"page","link":"https:\/\/vrtic-smjesko.hr\/index.php\/upoznajte-nas\/","title":{"rendered":"Upoznajte Nas"},"content":{"rendered":"<p>Dje\u010dji vrti\u0107 \u201eSmje\u0161ko\u201c Vir javna je ustanova na podru\u010dju Op\u0107ine Vir koja u okviru djelatnosti pred\u0161kolskog odgoja skrbi o djeci i ostvaruje programe odgoja, obrazovanja, zdravstvene za\u0161tite, prehrane i socijalne skrbi za djecu od navr\u0161ene tre\u0107e godine \u017eivota do polaska u osnovnu \u0161kolu.<\/p>\n<p>Vrti\u0107 je zapo\u010deo s radom 1997. godine sa jednom skupinom pred\u0161kolaca od 11-ero djece u prostoru O\u0160 Privlaka &#8211; Podru\u010dna \u0161kola Vir. 2002.g. vrti\u0107 ustrojava jo\u0161 jednu skupinu mla\u0111e djece, nakon \u010dega se odlukom Op\u0107ine Vir kre\u0107e u osnivanje samostalne ustanove. 2006.g. vrti\u0107 postaje samostalna Ustanova a odli\u010dnim socijalnim program Op\u0107ine Vir potaknut je porast nataliteta i doseljavanja cijelih obitelji pa i time potreba za novijim i ve\u0107im prostorom pa se Vrti\u0107 Smje\u0161ko 2013.g. seli se u novu zgradu i pro\u0161iruje djelatnost na tri skupine djece od 3 godine starosti do polaska u \u0161kolu i obuhva\u0107a svu djecu te dobi na podru\u010dju Op\u0107ine Vir. Vrti\u0107 je sagra\u0111en i otvoren sredstvima Op\u0107ine Vir a osniva\u010d Vrti\u0107a je lokalna samouprava, Op\u0107ina Vir koja i financira djelatnosti Vrti\u0107a iz Prora\u010duna Op\u0107ine Vir u iznosu od 100% ukupnih tro\u0161kova, te su roditelji\/skrbnici djece polaznika Vrti\u0107a oslobo\u0111eni pla\u0107anja.<\/p>\n<p>Program je uskla\u0111en sa Zakonom o pred\u0161kolskom odgoju i obrazovanju (N.N., 10\/97, 107\/07, i 94\/13), Programskim usmjerenjem odgoja i obrazovanja pred\u0161kolske djece (Glasnik Ministarstva prosvjete i kulture RH, 7-8\/91), Dr\u017eavnim pedago\u0161kim standardom odgoja i naobrazbe (N.N., 107\/14), Nacionalnim kurikulumom za rani i pred\u0161kolski odgoj i obrazovanje. Program se provodi u skladu sa suvremenom koncepcijom pred\u0161kolskog odgoja i obrazovanja, polaze\u0107i od stvarnih potreba djeteta i njegove osobnosti, u stalnoj dinami\u010dnoj interakciji s obitelji i okru\u017eenjem, te se kontinuirano uskla\u0111uje s nacionalnim zahtjevima u Nacionalnom kurikulumu za rani i pred\u0161kolski odgoj i obrazovanje.<\/p>\n<h1>NA\u0160A MISIJA<\/h1>\n<p>Kroz provedbu razli\u010ditih programa utemeljenih na humanisti\u010dko-razvojnom pristupu, usmjereni smo razvoju dje\u010djih potencijala, po\u0161tivanju dje\u010djih prava i uva\u017eavanju individualnih potreba djece. Svojim djelovanjem pru\u017eamo podr\u0161ku obitelji, pridonosimo razvoju roditeljskih kompetencija i doprinosimo razvoju dru\u0161tvene zajednice. Na\u0161 glavni cilj je udovoljiti potrebama razvoja djece koja polaze nas vrti\u0107.<\/p>\n<h1>NA\u0160A VIZIJA<\/h1>\n<p>Vrti\u0107 kao mjesto rasta i razvoja djece te mjesto u kojem dijete mo\u017ee biti sretno i pripremiti se za sretni \u017eivot.<\/p>\n<p>Cilj na\u0161eg Vrti\u0107a je stvaranje sigurnog, kreativnog i poticajnog okru\u017eenja koje utje\u010de na cjelokupan razvoj svakog djeteta po\u0161tuju\u0107i njegove potrebe, mogu\u0107nosti, interese i individualnost, te razvoj temeljnih ljudskih vrijednosti, ekolo\u0161ke osjetljivost i svijesti o va\u017enosti o\u010duvanja kulture i ba\u0161tine kod djece.<\/p>\n<p>\u00a0<\/p>\n<p>\u00a0<\/p>\n\n\n<div class=\"wp-block-file\"><a href=\"http:\/\/vrtic-smjesko.hr\/wp-content\/uploads\/2020\/10\/LETAK-DOBRODO\u0160LI-VIR-1.pdf\">LETAK-DOBRODO\u0160LI-VIR-1<\/a><a href=\"http:\/\/vrtic-smjesko.hr\/wp-content\/uploads\/2020\/10\/LETAK-DOBRODO\u0160LI-VIR-1.pdf\" class=\"wp-block-file__button\" download>Preuzmi<\/a><\/div>\n","protected":false},"excerpt":{"rendered":"<p>Dje\u010dji vrti\u0107 \u201eSmje\u0161ko\u201c Vir javna je ustanova na podru\u010dju Op\u0107ine Vir koja u okviru djelatnosti pred\u0161kolskog odgoja skrbi o djeci i ostvaruje programe odgoja, obrazovanja, zdravstvene za\u0161tite, prehrane i socijalne skrbi za djecu od navr\u0161ene tre\u0107e godine \u017eivota do polaska u osnovnu \u0161kolu. Vrti\u0107 je zapo\u010deo s radom 1997. godine sa jednom skupinom pred\u0161kolaca od 11-ero djece u prostoru O\u0160 Privlaka &#8211; Podru\u010dna \u0161kola Vir. 2002.g. vrti\u0107 ustrojava jo\u0161 jednu skupinu mla\u0111e djece, nakon \u010dega se odlukom Op\u0107ine Vir kre\u0107e u osnivanje samostalne ustanove. 2006.g. vrti\u0107 postaje samostalna Ustanova a odli\u010dnim socijalnim program Op\u0107ine Vir potaknut je porast nataliteta i doseljavanja cijelih obitelji pa i time potreba za novijim i ve\u0107im prostorom pa se Vrti\u0107 Smje\u0161ko 2013.g. seli se u novu zgradu i pro\u0161iruje djelatnost na tri skupine djece od 3 godine starosti do polaska u \u0161kolu i obuhva\u0107a svu djecu te dobi na podru\u010dju Op\u0107ine Vir. Vrti\u0107 je sagra\u0111en i otvoren sredstvima Op\u0107ine Vir a osniva\u010d Vrti\u0107a je lokalna samouprava, Op\u0107ina Vir koja i financira djelatnosti Vrti\u0107a iz Prora\u010duna Op\u0107ine Vir u iznosu od 100% ukupnih tro\u0161kova, te su roditelji\/skrbnici djece polaznika Vrti\u0107a oslobo\u0111eni pla\u0107anja. Program je uskla\u0111en sa Zakonom o pred\u0161kolskom odgoju i obrazovanju (N.N., 10\/97, 107\/07, i 94\/13), Programskim usmjerenjem odgoja i obrazovanja pred\u0161kolske djece (Glasnik Ministarstva prosvjete i kulture RH, 7-8\/91), Dr\u017eavnim pedago\u0161kim standardom odgoja i naobrazbe (N.N., 107\/14), Nacionalnim kurikulumom za rani i pred\u0161kolski odgoj i obrazovanje. Program se provodi u skladu sa suvremenom koncepcijom pred\u0161kolskog odgoja i obrazovanja, polaze\u0107i od stvarnih potreba djeteta i njegove osobnosti, u stalnoj dinami\u010dnoj interakciji s obitelji i okru\u017eenjem, te se kontinuirano uskla\u0111uje s nacionalnim zahtjevima u Nacionalnom kurikulumu za rani i pred\u0161kolski odgoj i obrazovanje. NA\u0160A MISIJA Kroz provedbu razli\u010ditih programa utemeljenih na humanisti\u010dko-razvojnom pristupu, usmjereni smo razvoju dje\u010djih potencijala, po\u0161tivanju dje\u010djih prava i uva\u017eavanju individualnih potreba djece. Svojim djelovanjem pru\u017eamo podr\u0161ku obitelji, pridonosimo razvoju roditeljskih kompetencija i doprinosimo razvoju dru\u0161tvene zajednice. Na\u0161 glavni cilj je udovoljiti potrebama razvoja djece koja polaze nas vrti\u0107. NA\u0160A VIZIJA Vrti\u0107 kao mjesto rasta i razvoja djece te mjesto u kojem dijete mo\u017ee biti sretno i pripremiti se za sretni \u017eivot. Cilj na\u0161eg Vrti\u0107a je stvaranje sigurnog, kreativnog i poticajnog okru\u017eenja koje utje\u010de na cjelokupan razvoj svakog djeteta po\u0161tuju\u0107i njegove potrebe, mogu\u0107nosti, interese i individualnost, te razvoj temeljnih ljudskih vrijednosti, ekolo\u0161ke osjetljivost i svijesti o va\u017enosti o\u010duvanja kulture i ba\u0161tine kod djece. \u00a0 \u00a0<\/p>\n","protected":false},"author":1,"featured_media":0,"parent":0,"menu_order":0,"comment_status":"closed","ping_status":"closed","template":"","meta":{"ub_ctt_via":""},"featured_image_src":null,"_links":{"self":[{"href":"https:\/\/vrtic-smjesko.hr\/index.php\/wp-json\/wp\/v2\/pages\/68"}],"collection":[{"href":"https:\/\/vrtic-smjesko.hr\/index.php\/wp-json\/wp\/v2\/pages"}],"about":[{"href":"https:\/\/vrtic-smjesko.hr\/index.php\/wp-json\/wp\/v2\/types\/page"}],"author":[{"embeddable":true,"href":"https:\/\/vrtic-smjesko.hr\/index.php\/wp-json\/wp\/v2\/users\/1"}],"replies":[{"embeddable":true,"href":"https:\/\/vrtic-smjesko.hr\/index.php\/wp-json\/wp\/v2\/comments?post=68"}],"version-history":[{"count":3,"href":"https:\/\/vrtic-smjesko.hr\/index.php\/wp-json\/wp\/v2\/pages\/68\/revisions"}],"predecessor-version":[{"id":926,"href":"https:\/\/vrtic-smjesko.hr\/index.php\/wp-json\/wp\/v2\/pages\/68\/revisions\/926"}],"wp:attachment":[{"href":"https:\/\/vrtic-smjesko.hr\/index.php\/wp-json\/wp\/v2\/media?parent=68"}],"curies":[{"name":"wp","href":"https:\/\/api.w.org\/{rel}","templated":true}]}}