{"id":1770,"date":"2022-03-31T10:05:27","date_gmt":"2022-03-31T08:05:27","guid":{"rendered":"https:\/\/vrtic-smjesko.hr\/?page_id=1770"},"modified":"2024-03-26T13:20:09","modified_gmt":"2024-03-26T12:20:09","slug":"djelatnici","status":"publish","type":"page","link":"https:\/\/vrtic-smjesko.hr\/index.php\/djelatnici\/","title":{"rendered":"Djelatnici"},"content":{"rendered":"\n<p><strong>RAVNATELJICA<\/strong><\/p>\n\n\n\n<p>Marija Lipovac<\/p>\n\n\n\n<p><strong>STRU\u010cNA SURADNICA PEDAGOGINJA<\/strong><\/p>\n\n\n\n<p>Marina Grbi\u0107 Malnar<\/p>\n\n\n\n<p><strong>ZDRAVSTVENA VODITELJICA<\/strong><\/p>\n\n\n\n<p>Silvija Vu\u010deti\u0107<\/p>\n\n\n\n<p><strong>ODGOJITELJICE<\/strong><\/p>\n\n\n\n<p>Mladenka Begonja<\/p>\n\n\n\n<p>Romana Budija<\/p>\n\n\n\n<p>Ivana Ba\u0161i\u0107<\/p>\n\n\n\n<p>Doris Vu\u010dkovi\u0107<\/p>\n\n\n\n<p>Lidija Poljak<\/p>\n\n\n\n<p>Mirjana Dadi\u0107<\/p>\n\n\n\n<p>Sara \u0160ango<\/p>\n\n\n\n<p>Anita Ba\u0161i\u0107<\/p>\n\n\n\n<p>Ana Neki\u0107<\/p>\n\n\n\n<p><strong>ADMINISTRATORICA<\/strong><\/p>\n\n\n\n<p>Danijela Kapovi\u0107<\/p>\n\n\n\n<p><strong>POMO\u0106NA KUHARICA<\/strong><\/p>\n\n\n\n<p>Silvija Begonja<\/p>\n\n\n\n<p><strong>SPREMA\u010cICE<\/strong><\/p>\n\n\n\n<p>Slobodana Malinovec<\/p>\n\n\n\n<p>Marina Juri\u0107<\/p>\n","protected":false},"excerpt":{"rendered":"<p>RAVNATELJICA Marija Lipovac STRU\u010cNA SURADNICA PEDAGOGINJA Marina Grbi\u0107 Malnar ZDRAVSTVENA VODITELJICA Silvija Vu\u010deti\u0107 ODGOJITELJICE Mladenka Begonja Romana Budija Ivana Ba\u0161i\u0107 Doris Vu\u010dkovi\u0107 Lidija Poljak Mirjana Dadi\u0107 Sara \u0160ango Anita Ba\u0161i\u0107 Ana Neki\u0107 ADMINISTRATORICA Danijela Kapovi\u0107 POMO\u0106NA KUHARICA Silvija Begonja SPREMA\u010cICE Slobodana Malinovec Marina Juri\u0107<\/p>\n","protected":false},"author":1,"featured_media":0,"parent":0,"menu_order":0,"comment_status":"closed","ping_status":"closed","template":"","meta":{"ub_ctt_via":""},"featured_image_src":null,"_links":{"self":[{"href":"https:\/\/vrtic-smjesko.hr\/index.php\/wp-json\/wp\/v2\/pages\/1770"}],"collection":[{"href":"https:\/\/vrtic-smjesko.hr\/index.php\/wp-json\/wp\/v2\/pages"}],"about":[{"href":"https:\/\/vrtic-smjesko.hr\/index.php\/wp-json\/wp\/v2\/types\/page"}],"author":[{"embeddable":true,"href":"https:\/\/vrtic-smjesko.hr\/index.php\/wp-json\/wp\/v2\/users\/1"}],"replies":[{"embeddable":true,"href":"https:\/\/vrtic-smjesko.hr\/index.php\/wp-json\/wp\/v2\/comments?post=1770"}],"version-history":[{"count":9,"href":"https:\/\/vrtic-smjesko.hr\/index.php\/wp-json\/wp\/v2\/pages\/1770\/revisions"}],"predecessor-version":[{"id":2579,"href":"https:\/\/vrtic-smjesko.hr\/index.php\/wp-json\/wp\/v2\/pages\/1770\/revisions\/2579"}],"wp:attachment":[{"href":"https:\/\/vrtic-smjesko.hr\/index.php\/wp-json\/wp\/v2\/media?parent=1770"}],"curies":[{"name":"wp","href":"https:\/\/api.w.org\/{rel}","templated":true}]}}