{"id":1715,"date":"2022-03-24T09:17:49","date_gmt":"2022-03-24T08:17:49","guid":{"rendered":"https:\/\/vrtic-smjesko.hr\/?page_id=1715"},"modified":"2022-03-24T12:59:46","modified_gmt":"2022-03-24T11:59:46","slug":"akti","status":"publish","type":"page","link":"https:\/\/vrtic-smjesko.hr\/index.php\/akti\/","title":{"rendered":"Akti"},"content":{"rendered":"\n<p>ZAKON O PRAVU NA PRISTUP INFORMACIJAMA<\/p>\n\n\n\n<p><\/p>\n\n\n\n<p><a href=\"https:\/\/narodne-novine.nn.hr\/clanci\/sluzbeni\/2013_02_25_403.html\">https:\/\/narodne-novine.nn.hr\/clanci\/sluzbeni\/2013_02_25_403.html<\/a><\/p>\n\n\n\n<p>KRITERIJI ZA ODRE\u0110IVANJE VISINE NAKNADE STVARNIH MATERIJALNIH TRO\u0160KOVA I TRO\u0160KOVA DOSTAVE INFORMACIJE<\/p>\n\n\n\n<p><a href=\"https:\/\/narodne-novine.nn.hr\/clanci\/sluzbeni\/2014_01_12_231.html\">https:\/\/narodne-novine.nn.hr\/clanci\/sluzbeni\/2014_01_12_231.html<\/a><\/p>\n\n\n\n<p>ISPRAVAK KRITERIJA ZA ODRE\u0110IVANJE VISINE NAKNADE STVARNIH MATERIJALNIH TRO\u0160KOVA I TRO\u0160KOVA DOSTAVE INFORMACIJE<\/p>\n\n\n\n<p><a href=\"https:\/\/narodne-novine.nn.hr\/clanci\/sluzbeni\/2014_02_15_316.html\">https:\/\/narodne-novine.nn.hr\/clanci\/sluzbeni\/2014_02_15_316.html<\/a><\/p>\n\n\n\n<p>PRAVILNIK O USTROJU, SADR\u017dAJU I NA\u010cINU VO\u0110ENJA SLU\u017dBENOG UPISNIKA O OSTVARIVANJU PRAVA NA PRISTUP INFORMACIJAMA I PONOVNU UPORABU INFORMACIJA<\/p>\n\n\n\n<p><a href=\"https:\/\/narodne-novine.nn.hr\/clanci\/sluzbeni\/2014_07_83_1614.html\">https:\/\/narodne-novine.nn.hr\/clanci\/sluzbeni\/2014_07_83_1614.html<\/a><\/p>\n\n\n\n<p><strong>PODZAKONSKI PROPISI<\/strong><\/p>\n\n\n\n<p>PRAVILNIK O SREDI\u0160NJEM KATALOGU SLU\u017dBENIH DOKUMENATA REPUBLIKE HRVATSKE<\/p>\n\n\n\n<p><a href=\"https:\/\/narodne-novine.nn.hr\/clanci\/sluzbeni\/2015_11_124_2356.html\">https:\/\/narodne-novine.nn.hr\/clanci\/sluzbeni\/2015_11_124_2356.html<\/a><\/p>\n\n\n\n<p>PRAVILNIK O SADR\u017dAJU I NA\u010cINU VO\u0110ENJA EVIDENCIJE ISKLJU\u010cIVIH PRAVA NA PONOVNU UPORABU INFORMACIJA<\/p>\n\n\n\n<p><a href=\"https:\/\/narodne-novine.nn.hr\/clanci\/sluzbeni\/2016_03_20_582.html\">https:\/\/narodne-novine.nn.hr\/clanci\/sluzbeni\/2016_03_20_582.html<\/a><\/p>\n\n\n\n<p>PRAVILNIK O VRSTAMA I SADR\u017dAJU DOZVOLA KOJIMA SE UTVR\u0110UJU UVJETI PONOVNE UPORABE INFORMACIJA<\/p>\n\n\n\n<p><a href=\"https:\/\/narodne-novine.nn.hr\/clanci\/sluzbeni\/2017_07_67_1577.html\">https:\/\/narodne-novine.nn.hr\/clanci\/sluzbeni\/2017_07_67_1577.html<\/a><\/p>\n\n\n\n<p>UREDBA O TRO\u0160KOVIMA PONOVNE UPORABE INFORMACIJA<\/p>\n\n\n\n<p><a href=\"https:\/\/narodne-novine.nn.hr\/clanci\/sluzbeni\/2018_09_87_1706.html\">https:\/\/narodne-novine.nn.hr\/clanci\/sluzbeni\/2018_09_87_1706.html<\/a><\/p>\n","protected":false},"excerpt":{"rendered":"<p>ZAKON O PRAVU NA PRISTUP INFORMACIJAMA https:\/\/narodne-novine.nn.hr\/clanci\/sluzbeni\/2013_02_25_403.html KRITERIJI ZA ODRE\u0110IVANJE VISINE NAKNADE STVARNIH MATERIJALNIH TRO\u0160KOVA I TRO\u0160KOVA DOSTAVE INFORMACIJE https:\/\/narodne-novine.nn.hr\/clanci\/sluzbeni\/2014_01_12_231.html ISPRAVAK KRITERIJA ZA ODRE\u0110IVANJE VISINE NAKNADE STVARNIH MATERIJALNIH TRO\u0160KOVA I TRO\u0160KOVA DOSTAVE INFORMACIJE https:\/\/narodne-novine.nn.hr\/clanci\/sluzbeni\/2014_02_15_316.html PRAVILNIK O USTROJU, SADR\u017dAJU I NA\u010cINU VO\u0110ENJA SLU\u017dBENOG UPISNIKA O OSTVARIVANJU PRAVA NA PRISTUP INFORMACIJAMA I PONOVNU UPORABU INFORMACIJA https:\/\/narodne-novine.nn.hr\/clanci\/sluzbeni\/2014_07_83_1614.html PODZAKONSKI PROPISI PRAVILNIK O SREDI\u0160NJEM KATALOGU SLU\u017dBENIH DOKUMENATA REPUBLIKE HRVATSKE https:\/\/narodne-novine.nn.hr\/clanci\/sluzbeni\/2015_11_124_2356.html PRAVILNIK O SADR\u017dAJU I NA\u010cINU VO\u0110ENJA EVIDENCIJE ISKLJU\u010cIVIH PRAVA NA PONOVNU UPORABU INFORMACIJA https:\/\/narodne-novine.nn.hr\/clanci\/sluzbeni\/2016_03_20_582.html PRAVILNIK O VRSTAMA I SADR\u017dAJU DOZVOLA KOJIMA SE UTVR\u0110UJU UVJETI PONOVNE UPORABE INFORMACIJA https:\/\/narodne-novine.nn.hr\/clanci\/sluzbeni\/2017_07_67_1577.html UREDBA O TRO\u0160KOVIMA PONOVNE UPORABE INFORMACIJA https:\/\/narodne-novine.nn.hr\/clanci\/sluzbeni\/2018_09_87_1706.html<\/p>\n","protected":false},"author":1,"featured_media":0,"parent":0,"menu_order":0,"comment_status":"closed","ping_status":"closed","template":"","meta":{"ub_ctt_via":""},"featured_image_src":null,"_links":{"self":[{"href":"https:\/\/vrtic-smjesko.hr\/index.php\/wp-json\/wp\/v2\/pages\/1715"}],"collection":[{"href":"https:\/\/vrtic-smjesko.hr\/index.php\/wp-json\/wp\/v2\/pages"}],"about":[{"href":"https:\/\/vrtic-smjesko.hr\/index.php\/wp-json\/wp\/v2\/types\/page"}],"author":[{"embeddable":true,"href":"https:\/\/vrtic-smjesko.hr\/index.php\/wp-json\/wp\/v2\/users\/1"}],"replies":[{"embeddable":true,"href":"https:\/\/vrtic-smjesko.hr\/index.php\/wp-json\/wp\/v2\/comments?post=1715"}],"version-history":[{"count":10,"href":"https:\/\/vrtic-smjesko.hr\/index.php\/wp-json\/wp\/v2\/pages\/1715\/revisions"}],"predecessor-version":[{"id":1739,"href":"https:\/\/vrtic-smjesko.hr\/index.php\/wp-json\/wp\/v2\/pages\/1715\/revisions\/1739"}],"wp:attachment":[{"href":"https:\/\/vrtic-smjesko.hr\/index.php\/wp-json\/wp\/v2\/media?parent=1715"}],"curies":[{"name":"wp","href":"https:\/\/api.w.org\/{rel}","templated":true}]}}