{"id":114,"date":"2022-02-07T16:26:00","date_gmt":"2022-02-07T15:26:00","guid":{"rendered":"http:\/\/localhost\/vrtic\/?page_id=114"},"modified":"2026-05-07T11:55:39","modified_gmt":"2026-05-07T09:55:39","slug":"pravilnici","status":"publish","type":"page","link":"https:\/\/vrtic-smjesko.hr\/index.php\/pravilnici\/","title":{"rendered":"Pravilnici, propisi, akti"},"content":{"rendered":"\n<div class=\"wp-block-file\"><a id=\"wp-block-file--media-e0bc9dae-e71b-4529-8045-707dd45e4d4b\" href=\"http:\/\/vrtic-smjesko.hr\/wp-content\/uploads\/2020\/10\/Dr\u017eavni-pedago\u0161ki-standard-pred\u0161kolskog-odgoja-i-naobrazbe.html\">Dr\u017eavni pedago\u0161ki standard pred\u0161kolskog odgoja i naobrazbe<\/a><a href=\"http:\/\/vrtic-smjesko.hr\/wp-content\/uploads\/2020\/10\/Dr\u017eavni-pedago\u0161ki-standard-pred\u0161kolskog-odgoja-i-naobrazbe.html\" class=\"wp-block-file__button\" download aria-describedby=\"wp-block-file--media-e0bc9dae-e71b-4529-8045-707dd45e4d4b\">Preuzmi<\/a><\/div>\n\n\n\n<div class=\"wp-block-file\"><a id=\"wp-block-file--media-2a10ba48-9de0-4b30-bdd3-61046b42faf5\" href=\"http:\/\/vrtic-smjesko.hr\/wp-content\/uploads\/2020\/10\/Izmjene-Dr\u017eavnoga-pedago\u0161kog-standarda-pred\u0161kolskog-odgoja-i-naobrazbe.html\">Izmjene Dr\u017eavnoga pedago\u0161kog standarda pred\u0161kolskog odgoja i naobrazbe<\/a><a href=\"http:\/\/vrtic-smjesko.hr\/wp-content\/uploads\/2020\/10\/Izmjene-Dr\u017eavnoga-pedago\u0161kog-standarda-pred\u0161kolskog-odgoja-i-naobrazbe.html\" class=\"wp-block-file__button\" download aria-describedby=\"wp-block-file--media-2a10ba48-9de0-4b30-bdd3-61046b42faf5\">Preuzmi<\/a><\/div>\n\n\n\n<div class=\"wp-block-file\"><a id=\"wp-block-file--media-6387bfe7-71c9-4b56-abb2-bd8b1d939f67\" href=\"http:\/\/vrtic-smjesko.hr\/wp-content\/uploads\/2020\/10\/Nacionalni-kurikulum-za-rani-i-pred\u0161kolski-odgoj-i-obrazovanje.pdf\">Nacionalni kurikulum za rani i pred\u0161kolski odgoj i obrazovanje<\/a><a href=\"http:\/\/vrtic-smjesko.hr\/wp-content\/uploads\/2020\/10\/Nacionalni-kurikulum-za-rani-i-pred\u0161kolski-odgoj-i-obrazovanje.pdf\" class=\"wp-block-file__button\" download aria-describedby=\"wp-block-file--media-6387bfe7-71c9-4b56-abb2-bd8b1d939f67\">Preuzmi<\/a><\/div>\n\n\n\n<div class=\"wp-block-file\"><a id=\"wp-block-file--media-0e898a12-7983-4a3f-adcf-bc5ae9f9bcf9\" href=\"http:\/\/vrtic-smjesko.hr\/wp-content\/uploads\/2020\/10\/Zakon-o-pred\u0161kolskom-odgoju-i-naobrazbi.html\">Zakon o pred\u0161kolskom odgoju i naobrazbi<\/a><a href=\"http:\/\/vrtic-smjesko.hr\/wp-content\/uploads\/2020\/10\/Zakon-o-pred\u0161kolskom-odgoju-i-naobrazbi.html\" class=\"wp-block-file__button\" download aria-describedby=\"wp-block-file--media-0e898a12-7983-4a3f-adcf-bc5ae9f9bcf9\">Preuzmi<\/a><\/div>\n\n\n\n<div class=\"wp-block-file\"><a id=\"wp-block-file--media-081b25f9-0579-4ffa-b395-be39ea3ffa47\" href=\"http:\/\/vrtic-smjesko.hr\/wp-content\/uploads\/2020\/10\/Zakon-o-radu.html\">Zakon o radu<\/a><a href=\"http:\/\/vrtic-smjesko.hr\/wp-content\/uploads\/2020\/10\/Zakon-o-radu.html\" class=\"wp-block-file__button\" download aria-describedby=\"wp-block-file--media-081b25f9-0579-4ffa-b395-be39ea3ffa47\">Preuzmi<\/a><\/div>\n\n\n\n<div class=\"wp-block-file\"><a id=\"wp-block-file--media-226a3ffb-3351-41a6-8555-3aed648f45ca\" href=\"http:\/\/vrtic-smjesko.hr\/wp-content\/uploads\/2020\/10\/Zakon-o-ustanovama.html\">Zakon o ustanovama<\/a><a href=\"http:\/\/vrtic-smjesko.hr\/wp-content\/uploads\/2020\/10\/Zakon-o-ustanovama.html\" class=\"wp-block-file__button\" download aria-describedby=\"wp-block-file--media-226a3ffb-3351-41a6-8555-3aed648f45ca\">Preuzmi<\/a><\/div>\n\n\n\n<div class=\"wp-block-file\"><a id=\"wp-block-file--media-ce0c4df4-d801-4130-b430-8dff4edcf7eb\" href=\"http:\/\/vrtic-smjesko.hr\/wp-content\/uploads\/2022\/02\/ilovepdf_merged-1-1.pdf\">Pravilnik o za\u0161titi od po\u017eara<\/a><a href=\"http:\/\/vrtic-smjesko.hr\/wp-content\/uploads\/2022\/02\/ilovepdf_merged-1-1.pdf\" class=\"wp-block-file__button\" download aria-describedby=\"wp-block-file--media-ce0c4df4-d801-4130-b430-8dff4edcf7eb\">Preuzmi<\/a><\/div>\n\n\n\n<div class=\"wp-block-file\"><a id=\"wp-block-file--media-8b42a9a4-1e64-4812-9bb1-a6dd9dcebd2c\" href=\"http:\/\/vrtic-smjesko.hr\/wp-content\/uploads\/2022\/02\/ilovepdf_merged-2.pdf\">Pravilnik o za\u0161titi na radu<\/a><a href=\"http:\/\/vrtic-smjesko.hr\/wp-content\/uploads\/2022\/02\/ilovepdf_merged-2.pdf\" class=\"wp-block-file__button\" download aria-describedby=\"wp-block-file--media-8b42a9a4-1e64-4812-9bb1-a6dd9dcebd2c\">Preuzmi<\/a><\/div>\n\n\n\n<div class=\"wp-block-file\"><a id=\"wp-block-file--media-df447ab3-e713-4651-a583-b984cd72b753\" href=\"https:\/\/vrtic-smjesko.hr\/wp-content\/uploads\/2022\/02\/ilovepdf_merged-3.pdf\">Pravilnik o radu Odgojiteljskog vije\u0107a<\/a><a href=\"https:\/\/vrtic-smjesko.hr\/wp-content\/uploads\/2022\/02\/ilovepdf_merged-3.pdf\" class=\"wp-block-file__button\" download aria-describedby=\"wp-block-file--media-df447ab3-e713-4651-a583-b984cd72b753\">Preuzmi<\/a><\/div>\n\n\n\n<div class=\"wp-block-file\"><a id=\"wp-block-file--media-8c56a4b0-4726-4861-b729-4450d30adbc0\" href=\"http:\/\/vrtic-smjesko.hr\/wp-content\/uploads\/2020\/11\/ilovepdf_merged-15_compressed-1.pdf\">Pravilnik o za\u0161titi i obradi arhivskog i dokumentarnog gradiva<\/a><a href=\"http:\/\/vrtic-smjesko.hr\/wp-content\/uploads\/2020\/11\/ilovepdf_merged-15_compressed-1.pdf\" class=\"wp-block-file__button\" download aria-describedby=\"wp-block-file--media-8c56a4b0-4726-4861-b729-4450d30adbc0\">Preuzmi<\/a><\/div>\n\n\n\n<div class=\"wp-block-file\"><a id=\"wp-block-file--media-8e7ffcae-dc6b-4184-99c2-3f8c7acf7f71\" href=\"http:\/\/vrtic-smjesko.hr\/wp-content\/uploads\/2022\/02\/Odluka-o-izmjeni-pravilnika-o-radu.pdf\">Odluka o izmjeni Pravilnika o radu<\/a><a href=\"http:\/\/vrtic-smjesko.hr\/wp-content\/uploads\/2022\/02\/Odluka-o-izmjeni-pravilnika-o-radu.pdf\" class=\"wp-block-file__button\" download aria-describedby=\"wp-block-file--media-8e7ffcae-dc6b-4184-99c2-3f8c7acf7f71\">Preuzmi<\/a><\/div>\n\n\n\n<div class=\"wp-block-file\"><a id=\"wp-block-file--media-ae9aadaf-0518-47d5-bab2-0edb1921f621\" href=\"https:\/\/vrtic-smjesko.hr\/wp-content\/uploads\/2025\/03\/odluka-o-izmjeni-pravilnika-o-radu001.pdf\">odluka-o-izmjeni-pravilnika-o-radu 20.02.2025<\/a><a href=\"https:\/\/vrtic-smjesko.hr\/wp-content\/uploads\/2025\/03\/odluka-o-izmjeni-pravilnika-o-radu001.pdf\" class=\"wp-block-file__button\" download aria-describedby=\"wp-block-file--media-ae9aadaf-0518-47d5-bab2-0edb1921f621\">Preuzmi<\/a><\/div>\n\n\n\n<div class=\"wp-block-file\"><a id=\"wp-block-file--media-6474fd13-1a93-48cd-82c5-941f84d06e78\" href=\"https:\/\/vrtic-smjesko.hr\/wp-content\/uploads\/2026\/05\/ilovepdf_merged-3-1.pdf\">pravilnik o radu 2026<\/a><a href=\"https:\/\/vrtic-smjesko.hr\/wp-content\/uploads\/2026\/05\/ilovepdf_merged-3-1.pdf\" class=\"wp-block-file__button\" download aria-describedby=\"wp-block-file--media-6474fd13-1a93-48cd-82c5-941f84d06e78\">Preuzmi<\/a><\/div>\n","protected":false},"excerpt":{"rendered":"","protected":false},"author":1,"featured_media":0,"parent":0,"menu_order":0,"comment_status":"closed","ping_status":"closed","template":"","meta":{"ub_ctt_via":""},"featured_image_src":null,"_links":{"self":[{"href":"https:\/\/vrtic-smjesko.hr\/index.php\/wp-json\/wp\/v2\/pages\/114"}],"collection":[{"href":"https:\/\/vrtic-smjesko.hr\/index.php\/wp-json\/wp\/v2\/pages"}],"about":[{"href":"https:\/\/vrtic-smjesko.hr\/index.php\/wp-json\/wp\/v2\/types\/page"}],"author":[{"embeddable":true,"href":"https:\/\/vrtic-smjesko.hr\/index.php\/wp-json\/wp\/v2\/users\/1"}],"replies":[{"embeddable":true,"href":"https:\/\/vrtic-smjesko.hr\/index.php\/wp-json\/wp\/v2\/comments?post=114"}],"version-history":[{"count":26,"href":"https:\/\/vrtic-smjesko.hr\/index.php\/wp-json\/wp\/v2\/pages\/114\/revisions"}],"predecessor-version":[{"id":2804,"href":"https:\/\/vrtic-smjesko.hr\/index.php\/wp-json\/wp\/v2\/pages\/114\/revisions\/2804"}],"wp:attachment":[{"href":"https:\/\/vrtic-smjesko.hr\/index.php\/wp-json\/wp\/v2\/media?parent=114"}],"curies":[{"name":"wp","href":"https:\/\/api.w.org\/{rel}","templated":true}]}}